{"id":3845,"date":"2026-03-19T17:02:47","date_gmt":"2026-03-19T16:02:47","guid":{"rendered":"https:\/\/fermelarochette.ch\/?post_type=product&#038;p=3845"},"modified":"2026-03-19T17:26:43","modified_gmt":"2026-03-19T16:26:43","slug":"pesto-ail-des-ours","status":"publish","type":"product","link":"https:\/\/fermelarochette.ch\/index.php\/produit\/pesto-ail-des-ours\/","title":{"rendered":"Pesto \u00e0 l&rsquo;ail des ours"},"content":{"rendered":"<p>Le pesto \u00e0 l\u2019ail des ours est de retour ! \u00c9labor\u00e9 cru, sans pasteurisation, celui-ci\u00a0est tr\u00e8s fort en go\u00fbt. \u00c0 employer avec des p\u00e2tes, \u00e0 tartiner (miam !), en marinade, dans une soupe, etc.<\/p>\n<p data-start=\"274\" data-end=\"326\"><strong data-start=\"274\" data-end=\"321\">Disponible seulement le temps de la saison.<\/strong><\/p>\n","protected":false},"excerpt":{"rendered":"<p><img decoding=\"async\" class=\"alignnone wp-image-3733 lazyload\" data-src=\"https:\/\/fermelarochette.ch\/wp-content\/uploads\/2026\/02\/b_rgb_pos-220x300.jpg\" alt=\"\" width=\"60\" height=\"83\" data-srcset=\"https:\/\/fermelarochette.ch\/wp-content\/uploads\/2026\/02\/b_rgb_pos-220x300.jpg 220w, https:\/\/fermelarochette.ch\/wp-content\/uploads\/2026\/02\/b_rgb_pos.jpg 499w\" data-sizes=\"(max-width: 60px) 100vw, 60px\" src=\"data:image\/svg+xml;base64,PHN2ZyB3aWR0aD0iMSIgaGVpZ2h0PSIxIiB4bWxucz0iaHR0cDovL3d3dy53My5vcmcvMjAwMC9zdmciPjwvc3ZnPg==\" style=\"--smush-placeholder-width: 60px; --smush-placeholder-aspect-ratio: 60\/83;\" \/><\/p>\n","protected":false},"featured_media":3844,"template":"","meta":{"_price":"9.80","_stock":"","_tribe_ticket_header":"","_tribe_default_ticket_provider":"","_ticket_start_date":"","_ticket_end_date":"","_tribe_ticket_show_description":"","_tribe_ticket_show_not_going":false,"_tribe_ticket_use_global_stock":"","_tribe_ticket_global_stock_level":"","_global_stock_mode":"","_global_stock_cap":"","_tribe_rsvp_for_event":"","_tribe_ticket_going_count":"","_tribe_ticket_not_going_count":"","_tribe_tickets_list":"[]","_tribe_ticket_has_attendee_info_fields":false},"product_brand":[],"product_cat":[57],"product_tag":[],"class_list":{"0":"post-3845","1":"product","2":"type-product","3":"status-publish","4":"has-post-thumbnail","6":"product_cat-produit-saisonnier","8":"first","9":"instock","10":"taxable","11":"shipping-taxable","12":"purchasable","13":"product-type-variable"},"yoast_head":"<!-- This site is optimized with the Yoast SEO plugin v26.9 - https:\/\/yoast.com\/product\/yoast-seo-wordpress\/ -->\n<title>Pesto \u00e0 l&#039;ail des ours - La Rochette<\/title>\n<meta name=\"robots\" content=\"index, follow, max-snippet:-1, max-image-preview:large, max-video-preview:-1\" \/>\n<link rel=\"canonical\" href=\"https:\/\/fermelarochette.ch\/index.php\/produit\/pesto-ail-des-ours\/\" \/>\n<meta property=\"og:locale\" content=\"fr_FR\" \/>\n<meta property=\"og:type\" content=\"article\" \/>\n<meta property=\"og:title\" content=\"Pesto \u00e0 l&#039;ail des ours - La Rochette\" \/>\n<meta property=\"og:url\" content=\"https:\/\/fermelarochette.ch\/index.php\/produit\/pesto-ail-des-ours\/\" \/>\n<meta property=\"og:site_name\" content=\"La Rochette\" \/>\n<meta property=\"article:modified_time\" content=\"2026-03-19T16:26:43+00:00\" \/>\n<meta property=\"og:image\" content=\"https:\/\/fermelarochette.ch\/wp-content\/uploads\/2026\/03\/IMG_3664-scaled.jpeg\" \/>\n\t<meta property=\"og:image:width\" content=\"2312\" \/>\n\t<meta property=\"og:image:height\" content=\"2560\" \/>\n\t<meta property=\"og:image:type\" content=\"image\/jpeg\" \/>\n<meta name=\"twitter:card\" content=\"summary_large_image\" \/>\n<script type=\"application\/ld+json\" class=\"yoast-schema-graph\">{\"@context\":\"https:\/\/schema.org\",\"@graph\":[{\"@type\":\"WebPage\",\"@id\":\"https:\/\/fermelarochette.ch\/index.php\/produit\/pesto-ail-des-ours\/\",\"url\":\"https:\/\/fermelarochette.ch\/index.php\/produit\/pesto-ail-des-ours\/\",\"name\":\"Pesto \u00e0 l'ail des ours - La Rochette\",\"isPartOf\":{\"@id\":\"https:\/\/fermelarochette.ch\/#website\"},\"primaryImageOfPage\":{\"@id\":\"https:\/\/fermelarochette.ch\/index.php\/produit\/pesto-ail-des-ours\/#primaryimage\"},\"image\":{\"@id\":\"https:\/\/fermelarochette.ch\/index.php\/produit\/pesto-ail-des-ours\/#primaryimage\"},\"thumbnailUrl\":\"https:\/\/fermelarochette.ch\/wp-content\/uploads\/2026\/03\/IMG_3664-scaled.jpeg\",\"datePublished\":\"2026-03-19T16:02:47+00:00\",\"dateModified\":\"2026-03-19T16:26:43+00:00\",\"breadcrumb\":{\"@id\":\"https:\/\/fermelarochette.ch\/index.php\/produit\/pesto-ail-des-ours\/#breadcrumb\"},\"inLanguage\":\"fr-FR\",\"potentialAction\":[{\"@type\":\"ReadAction\",\"target\":[\"https:\/\/fermelarochette.ch\/index.php\/produit\/pesto-ail-des-ours\/\"]}]},{\"@type\":\"ImageObject\",\"inLanguage\":\"fr-FR\",\"@id\":\"https:\/\/fermelarochette.ch\/index.php\/produit\/pesto-ail-des-ours\/#primaryimage\",\"url\":\"https:\/\/fermelarochette.ch\/wp-content\/uploads\/2026\/03\/IMG_3664-scaled.jpeg\",\"contentUrl\":\"https:\/\/fermelarochette.ch\/wp-content\/uploads\/2026\/03\/IMG_3664-scaled.jpeg\",\"width\":2312,\"height\":2560,\"caption\":\"Pesto ail des ours\"},{\"@type\":\"BreadcrumbList\",\"@id\":\"https:\/\/fermelarochette.ch\/index.php\/produit\/pesto-ail-des-ours\/#breadcrumb\",\"itemListElement\":[{\"@type\":\"ListItem\",\"position\":1,\"name\":\"Accueil\",\"item\":\"https:\/\/fermelarochette.ch\/\"},{\"@type\":\"ListItem\",\"position\":2,\"name\":\"Boutique\",\"item\":\"https:\/\/fermelarochette.ch\/index.php\/boutique\/\"},{\"@type\":\"ListItem\",\"position\":3,\"name\":\"Pesto \u00e0 l&rsquo;ail des ours\"}]},{\"@type\":\"WebSite\",\"@id\":\"https:\/\/fermelarochette.ch\/#website\",\"url\":\"https:\/\/fermelarochette.ch\/\",\"name\":\"La Rochette\",\"description\":\"Micro-ferme biologique\",\"potentialAction\":[{\"@type\":\"SearchAction\",\"target\":{\"@type\":\"EntryPoint\",\"urlTemplate\":\"https:\/\/fermelarochette.ch\/?s={search_term_string}\"},\"query-input\":{\"@type\":\"PropertyValueSpecification\",\"valueRequired\":true,\"valueName\":\"search_term_string\"}}],\"inLanguage\":\"fr-FR\"}]}<\/script>\n<!-- \/ Yoast SEO plugin. -->","yoast_head_json":{"title":"Pesto \u00e0 l'ail des ours - La Rochette","robots":{"index":"index","follow":"follow","max-snippet":"max-snippet:-1","max-image-preview":"max-image-preview:large","max-video-preview":"max-video-preview:-1"},"canonical":"https:\/\/fermelarochette.ch\/index.php\/produit\/pesto-ail-des-ours\/","og_locale":"fr_FR","og_type":"article","og_title":"Pesto \u00e0 l'ail des ours - La Rochette","og_url":"https:\/\/fermelarochette.ch\/index.php\/produit\/pesto-ail-des-ours\/","og_site_name":"La Rochette","article_modified_time":"2026-03-19T16:26:43+00:00","og_image":[{"width":2312,"height":2560,"url":"https:\/\/fermelarochette.ch\/wp-content\/uploads\/2026\/03\/IMG_3664-scaled.jpeg","type":"image\/jpeg"}],"twitter_card":"summary_large_image","schema":{"@context":"https:\/\/schema.org","@graph":[{"@type":"WebPage","@id":"https:\/\/fermelarochette.ch\/index.php\/produit\/pesto-ail-des-ours\/","url":"https:\/\/fermelarochette.ch\/index.php\/produit\/pesto-ail-des-ours\/","name":"Pesto \u00e0 l'ail des ours - La Rochette","isPartOf":{"@id":"https:\/\/fermelarochette.ch\/#website"},"primaryImageOfPage":{"@id":"https:\/\/fermelarochette.ch\/index.php\/produit\/pesto-ail-des-ours\/#primaryimage"},"image":{"@id":"https:\/\/fermelarochette.ch\/index.php\/produit\/pesto-ail-des-ours\/#primaryimage"},"thumbnailUrl":"https:\/\/fermelarochette.ch\/wp-content\/uploads\/2026\/03\/IMG_3664-scaled.jpeg","datePublished":"2026-03-19T16:02:47+00:00","dateModified":"2026-03-19T16:26:43+00:00","breadcrumb":{"@id":"https:\/\/fermelarochette.ch\/index.php\/produit\/pesto-ail-des-ours\/#breadcrumb"},"inLanguage":"fr-FR","potentialAction":[{"@type":"ReadAction","target":["https:\/\/fermelarochette.ch\/index.php\/produit\/pesto-ail-des-ours\/"]}]},{"@type":"ImageObject","inLanguage":"fr-FR","@id":"https:\/\/fermelarochette.ch\/index.php\/produit\/pesto-ail-des-ours\/#primaryimage","url":"https:\/\/fermelarochette.ch\/wp-content\/uploads\/2026\/03\/IMG_3664-scaled.jpeg","contentUrl":"https:\/\/fermelarochette.ch\/wp-content\/uploads\/2026\/03\/IMG_3664-scaled.jpeg","width":2312,"height":2560,"caption":"Pesto ail des ours"},{"@type":"BreadcrumbList","@id":"https:\/\/fermelarochette.ch\/index.php\/produit\/pesto-ail-des-ours\/#breadcrumb","itemListElement":[{"@type":"ListItem","position":1,"name":"Accueil","item":"https:\/\/fermelarochette.ch\/"},{"@type":"ListItem","position":2,"name":"Boutique","item":"https:\/\/fermelarochette.ch\/index.php\/boutique\/"},{"@type":"ListItem","position":3,"name":"Pesto \u00e0 l&rsquo;ail des ours"}]},{"@type":"WebSite","@id":"https:\/\/fermelarochette.ch\/#website","url":"https:\/\/fermelarochette.ch\/","name":"La Rochette","description":"Micro-ferme biologique","potentialAction":[{"@type":"SearchAction","target":{"@type":"EntryPoint","urlTemplate":"https:\/\/fermelarochette.ch\/?s={search_term_string}"},"query-input":{"@type":"PropertyValueSpecification","valueRequired":true,"valueName":"search_term_string"}}],"inLanguage":"fr-FR"}]}},"jetpack_sharing_enabled":true,"_links":{"self":[{"href":"https:\/\/fermelarochette.ch\/index.php\/wp-json\/wp\/v2\/product\/3845","targetHints":{"allow":["GET"]}}],"collection":[{"href":"https:\/\/fermelarochette.ch\/index.php\/wp-json\/wp\/v2\/product"}],"about":[{"href":"https:\/\/fermelarochette.ch\/index.php\/wp-json\/wp\/v2\/types\/product"}],"wp:featuredmedia":[{"embeddable":true,"href":"https:\/\/fermelarochette.ch\/index.php\/wp-json\/wp\/v2\/media\/3844"}],"wp:attachment":[{"href":"https:\/\/fermelarochette.ch\/index.php\/wp-json\/wp\/v2\/media?parent=3845"}],"wp:term":[{"taxonomy":"product_brand","embeddable":true,"href":"https:\/\/fermelarochette.ch\/index.php\/wp-json\/wp\/v2\/product_brand?post=3845"},{"taxonomy":"product_cat","embeddable":true,"href":"https:\/\/fermelarochette.ch\/index.php\/wp-json\/wp\/v2\/product_cat?post=3845"},{"taxonomy":"product_tag","embeddable":true,"href":"https:\/\/fermelarochette.ch\/index.php\/wp-json\/wp\/v2\/product_tag?post=3845"}],"curies":[{"name":"wp","href":"https:\/\/api.w.org\/{rel}","templated":true}]}}