{"id":3729,"date":"2026-03-02T11:55:13","date_gmt":"2026-03-02T10:55:13","guid":{"rendered":"https:\/\/fermelarochette.ch\/?post_type=product&#038;p=3729"},"modified":"2026-03-30T13:56:49","modified_gmt":"2026-03-30T11:56:49","slug":"miel-recolte-dete","status":"publish","type":"product","link":"https:\/\/fermelarochette.ch\/index.php\/produit\/miel-recolte-dete\/","title":{"rendered":"Miel r\u00e9colte d&rsquo;\u00e9t\u00e9"},"content":{"rendered":"<p>Miel d\u2019exception produit en biodynamie par <a href=\"https:\/\/www.rucher-rosie.ch\">Rucher Rosie<\/a> dans le plus grand respect des cycles de vie des abeilles, offrant ainsi ce qu&rsquo;il y a de meilleur.<\/p>\n<p>Label : Bio Bourgeon Reconversion<\/p>\n","protected":false},"excerpt":{"rendered":"<p>Miel d\u2019exception produit en biodynamie par Rucher Rosie dans le plus grand respect des cycles de vie des abeilles, offrant ainsi ce qu&rsquo;il y a &hellip;<\/p>\n","protected":false},"featured_media":3697,"template":"","meta":{"_price":"15.40","_stock":"","_tribe_ticket_header":"","_tribe_default_ticket_provider":"","_ticket_start_date":"","_ticket_end_date":"","_tribe_ticket_show_description":"","_tribe_ticket_show_not_going":false,"_tribe_ticket_use_global_stock":"","_tribe_ticket_global_stock_level":"","_global_stock_mode":"","_global_stock_cap":"","_tribe_rsvp_for_event":"","_tribe_ticket_going_count":"","_tribe_ticket_not_going_count":"","_tribe_tickets_list":"[]","_tribe_ticket_has_attendee_info_fields":false},"product_brand":[],"product_cat":[56],"product_tag":[],"class_list":{"0":"post-3729","1":"product","2":"type-product","3":"status-publish","4":"has-post-thumbnail","6":"product_cat-miel","8":"first","9":"instock","10":"taxable","11":"shipping-taxable","12":"purchasable","13":"product-type-variable"},"yoast_head":"<!-- This site is optimized with the Yoast SEO plugin v26.9 - https:\/\/yoast.com\/product\/yoast-seo-wordpress\/ -->\n<title>Miel r\u00e9colte d&#039;\u00e9t\u00e9 - La Rochette<\/title>\n<meta name=\"robots\" content=\"index, follow, max-snippet:-1, max-image-preview:large, max-video-preview:-1\" \/>\n<link rel=\"canonical\" href=\"https:\/\/fermelarochette.ch\/index.php\/produit\/miel-recolte-dete\/\" \/>\n<meta property=\"og:locale\" content=\"fr_FR\" \/>\n<meta property=\"og:type\" content=\"article\" \/>\n<meta property=\"og:title\" content=\"Miel r\u00e9colte d&#039;\u00e9t\u00e9 - La Rochette\" \/>\n<meta property=\"og:description\" content=\"Miel d\u2019exception produit en biodynamie par Rucher Rosie dans le plus grand respect des cycles de vie des abeilles, offrant ainsi ce qu&rsquo;il y a &hellip;\" \/>\n<meta property=\"og:url\" content=\"https:\/\/fermelarochette.ch\/index.php\/produit\/miel-recolte-dete\/\" \/>\n<meta property=\"og:site_name\" content=\"La Rochette\" \/>\n<meta property=\"article:modified_time\" content=\"2026-03-30T11:56:49+00:00\" \/>\n<meta property=\"og:image\" content=\"https:\/\/fermelarochette.ch\/wp-content\/uploads\/2026\/03\/Miel_ete_250-scaled.jpg\" \/>\n\t<meta property=\"og:image:width\" content=\"2048\" \/>\n\t<meta property=\"og:image:height\" content=\"2560\" \/>\n\t<meta property=\"og:image:type\" content=\"image\/jpeg\" \/>\n<meta name=\"twitter:card\" content=\"summary_large_image\" \/>\n<script type=\"application\/ld+json\" class=\"yoast-schema-graph\">{\"@context\":\"https:\/\/schema.org\",\"@graph\":[{\"@type\":\"WebPage\",\"@id\":\"https:\/\/fermelarochette.ch\/index.php\/produit\/miel-recolte-dete\/\",\"url\":\"https:\/\/fermelarochette.ch\/index.php\/produit\/miel-recolte-dete\/\",\"name\":\"Miel r\u00e9colte d'\u00e9t\u00e9 - La Rochette\",\"isPartOf\":{\"@id\":\"https:\/\/fermelarochette.ch\/#website\"},\"primaryImageOfPage\":{\"@id\":\"https:\/\/fermelarochette.ch\/index.php\/produit\/miel-recolte-dete\/#primaryimage\"},\"image\":{\"@id\":\"https:\/\/fermelarochette.ch\/index.php\/produit\/miel-recolte-dete\/#primaryimage\"},\"thumbnailUrl\":\"https:\/\/fermelarochette.ch\/wp-content\/uploads\/2026\/03\/Miel_ete_250-scaled.jpg\",\"datePublished\":\"2026-03-02T10:55:13+00:00\",\"dateModified\":\"2026-03-30T11:56:49+00:00\",\"breadcrumb\":{\"@id\":\"https:\/\/fermelarochette.ch\/index.php\/produit\/miel-recolte-dete\/#breadcrumb\"},\"inLanguage\":\"fr-FR\",\"potentialAction\":[{\"@type\":\"ReadAction\",\"target\":[\"https:\/\/fermelarochette.ch\/index.php\/produit\/miel-recolte-dete\/\"]}]},{\"@type\":\"ImageObject\",\"inLanguage\":\"fr-FR\",\"@id\":\"https:\/\/fermelarochette.ch\/index.php\/produit\/miel-recolte-dete\/#primaryimage\",\"url\":\"https:\/\/fermelarochette.ch\/wp-content\/uploads\/2026\/03\/Miel_ete_250-scaled.jpg\",\"contentUrl\":\"https:\/\/fermelarochette.ch\/wp-content\/uploads\/2026\/03\/Miel_ete_250-scaled.jpg\",\"width\":2048,\"height\":2560,\"caption\":\"Miel d'\u00e9t\u00e9\"},{\"@type\":\"BreadcrumbList\",\"@id\":\"https:\/\/fermelarochette.ch\/index.php\/produit\/miel-recolte-dete\/#breadcrumb\",\"itemListElement\":[{\"@type\":\"ListItem\",\"position\":1,\"name\":\"Accueil\",\"item\":\"https:\/\/fermelarochette.ch\/\"},{\"@type\":\"ListItem\",\"position\":2,\"name\":\"Boutique\",\"item\":\"https:\/\/fermelarochette.ch\/index.php\/boutique\/\"},{\"@type\":\"ListItem\",\"position\":3,\"name\":\"Miel r\u00e9colte d&rsquo;\u00e9t\u00e9\"}]},{\"@type\":\"WebSite\",\"@id\":\"https:\/\/fermelarochette.ch\/#website\",\"url\":\"https:\/\/fermelarochette.ch\/\",\"name\":\"La Rochette\",\"description\":\"Micro-ferme biologique\",\"potentialAction\":[{\"@type\":\"SearchAction\",\"target\":{\"@type\":\"EntryPoint\",\"urlTemplate\":\"https:\/\/fermelarochette.ch\/?s={search_term_string}\"},\"query-input\":{\"@type\":\"PropertyValueSpecification\",\"valueRequired\":true,\"valueName\":\"search_term_string\"}}],\"inLanguage\":\"fr-FR\"}]}<\/script>\n<!-- \/ Yoast SEO plugin. -->","yoast_head_json":{"title":"Miel r\u00e9colte d'\u00e9t\u00e9 - La Rochette","robots":{"index":"index","follow":"follow","max-snippet":"max-snippet:-1","max-image-preview":"max-image-preview:large","max-video-preview":"max-video-preview:-1"},"canonical":"https:\/\/fermelarochette.ch\/index.php\/produit\/miel-recolte-dete\/","og_locale":"fr_FR","og_type":"article","og_title":"Miel r\u00e9colte d'\u00e9t\u00e9 - La Rochette","og_description":"Miel d\u2019exception produit en biodynamie par Rucher Rosie dans le plus grand respect des cycles de vie des abeilles, offrant ainsi ce qu&rsquo;il y a &hellip;","og_url":"https:\/\/fermelarochette.ch\/index.php\/produit\/miel-recolte-dete\/","og_site_name":"La Rochette","article_modified_time":"2026-03-30T11:56:49+00:00","og_image":[{"width":2048,"height":2560,"url":"https:\/\/fermelarochette.ch\/wp-content\/uploads\/2026\/03\/Miel_ete_250-scaled.jpg","type":"image\/jpeg"}],"twitter_card":"summary_large_image","schema":{"@context":"https:\/\/schema.org","@graph":[{"@type":"WebPage","@id":"https:\/\/fermelarochette.ch\/index.php\/produit\/miel-recolte-dete\/","url":"https:\/\/fermelarochette.ch\/index.php\/produit\/miel-recolte-dete\/","name":"Miel r\u00e9colte d'\u00e9t\u00e9 - La Rochette","isPartOf":{"@id":"https:\/\/fermelarochette.ch\/#website"},"primaryImageOfPage":{"@id":"https:\/\/fermelarochette.ch\/index.php\/produit\/miel-recolte-dete\/#primaryimage"},"image":{"@id":"https:\/\/fermelarochette.ch\/index.php\/produit\/miel-recolte-dete\/#primaryimage"},"thumbnailUrl":"https:\/\/fermelarochette.ch\/wp-content\/uploads\/2026\/03\/Miel_ete_250-scaled.jpg","datePublished":"2026-03-02T10:55:13+00:00","dateModified":"2026-03-30T11:56:49+00:00","breadcrumb":{"@id":"https:\/\/fermelarochette.ch\/index.php\/produit\/miel-recolte-dete\/#breadcrumb"},"inLanguage":"fr-FR","potentialAction":[{"@type":"ReadAction","target":["https:\/\/fermelarochette.ch\/index.php\/produit\/miel-recolte-dete\/"]}]},{"@type":"ImageObject","inLanguage":"fr-FR","@id":"https:\/\/fermelarochette.ch\/index.php\/produit\/miel-recolte-dete\/#primaryimage","url":"https:\/\/fermelarochette.ch\/wp-content\/uploads\/2026\/03\/Miel_ete_250-scaled.jpg","contentUrl":"https:\/\/fermelarochette.ch\/wp-content\/uploads\/2026\/03\/Miel_ete_250-scaled.jpg","width":2048,"height":2560,"caption":"Miel d'\u00e9t\u00e9"},{"@type":"BreadcrumbList","@id":"https:\/\/fermelarochette.ch\/index.php\/produit\/miel-recolte-dete\/#breadcrumb","itemListElement":[{"@type":"ListItem","position":1,"name":"Accueil","item":"https:\/\/fermelarochette.ch\/"},{"@type":"ListItem","position":2,"name":"Boutique","item":"https:\/\/fermelarochette.ch\/index.php\/boutique\/"},{"@type":"ListItem","position":3,"name":"Miel r\u00e9colte d&rsquo;\u00e9t\u00e9"}]},{"@type":"WebSite","@id":"https:\/\/fermelarochette.ch\/#website","url":"https:\/\/fermelarochette.ch\/","name":"La Rochette","description":"Micro-ferme biologique","potentialAction":[{"@type":"SearchAction","target":{"@type":"EntryPoint","urlTemplate":"https:\/\/fermelarochette.ch\/?s={search_term_string}"},"query-input":{"@type":"PropertyValueSpecification","valueRequired":true,"valueName":"search_term_string"}}],"inLanguage":"fr-FR"}]}},"jetpack_sharing_enabled":true,"_links":{"self":[{"href":"https:\/\/fermelarochette.ch\/index.php\/wp-json\/wp\/v2\/product\/3729","targetHints":{"allow":["GET"]}}],"collection":[{"href":"https:\/\/fermelarochette.ch\/index.php\/wp-json\/wp\/v2\/product"}],"about":[{"href":"https:\/\/fermelarochette.ch\/index.php\/wp-json\/wp\/v2\/types\/product"}],"wp:featuredmedia":[{"embeddable":true,"href":"https:\/\/fermelarochette.ch\/index.php\/wp-json\/wp\/v2\/media\/3697"}],"wp:attachment":[{"href":"https:\/\/fermelarochette.ch\/index.php\/wp-json\/wp\/v2\/media?parent=3729"}],"wp:term":[{"taxonomy":"product_brand","embeddable":true,"href":"https:\/\/fermelarochette.ch\/index.php\/wp-json\/wp\/v2\/product_brand?post=3729"},{"taxonomy":"product_cat","embeddable":true,"href":"https:\/\/fermelarochette.ch\/index.php\/wp-json\/wp\/v2\/product_cat?post=3729"},{"taxonomy":"product_tag","embeddable":true,"href":"https:\/\/fermelarochette.ch\/index.php\/wp-json\/wp\/v2\/product_tag?post=3729"}],"curies":[{"name":"wp","href":"https:\/\/api.w.org\/{rel}","templated":true}]}}