{"id":3373,"date":"2026-02-14T14:06:45","date_gmt":"2026-02-14T13:06:45","guid":{"rendered":"https:\/\/fermelarochette.ch\/?post_type=product&#038;p=3373"},"modified":"2026-03-17T23:40:51","modified_gmt":"2026-03-17T22:40:51","slug":"hydrolat-de-menthe-poivree","status":"publish","type":"product","link":"https:\/\/fermelarochette.ch\/index.php\/produit\/hydrolat-de-menthe-poivree\/","title":{"rendered":"Hydrolat de Menthe poivr\u00e9e"},"content":{"rendered":"<p>L&rsquo;hydrolat de Menthe poivr\u00e9e est cr\u00e9\u00e9 \u00e0 l&rsquo;aide de feuilles r\u00e9colt\u00e9es apr\u00e8s une p\u00e9riode de beau temps, favorisant ainsi une odeur tr\u00e8s fra\u00eeche.<\/p>\n<p>Nos hydrolats sont r\u00e9alis\u00e9s en tr\u00e8s petits lots dans notre alambic en cuivre, au moment optimal du cycle de la plante. Parce qu&rsquo;elle est effectu\u00e9e \u00e0 faible rendement et dans le respect du v\u00e9g\u00e9tal, notre distillation offre des hydrolats particuli\u00e8rement forts en go\u00fbts, en odeurs et en propri\u00e9t\u00e9s, comme si la plante avait \u00e9t\u00e9 \u00ab captur\u00e9e \u00bb dans l\u2019hydrolat tel un bon g\u00e9nie.<\/p>\n","protected":false},"excerpt":{"rendered":"<p><img decoding=\"async\" class=\"alignnone wp-image-3736 lazyload\" style=\"--smush-placeholder-width: 109px; --smush-placeholder-aspect-ratio: 109\/90;caret-color: #000000; color: #000000;\" data-src=\"https:\/\/fermelarochette.ch\/wp-content\/uploads\/2026\/02\/bs_rgb_pos-300x248.jpg\" alt=\"Logo bio bourgeons suisse\" width=\"109\" height=\"90\" data-srcset=\"https:\/\/fermelarochette.ch\/wp-content\/uploads\/2026\/02\/bs_rgb_pos-300x248.jpg 300w, https:\/\/fermelarochette.ch\/wp-content\/uploads\/2026\/02\/bs_rgb_pos-768x634.jpg 768w, https:\/\/fermelarochette.ch\/wp-content\/uploads\/2026\/02\/bs_rgb_pos-363x300.jpg 363w, https:\/\/fermelarochette.ch\/wp-content\/uploads\/2026\/02\/bs_rgb_pos-600x496.jpg 600w, https:\/\/fermelarochette.ch\/wp-content\/uploads\/2026\/02\/bs_rgb_pos.jpg 936w\" data-sizes=\"(max-width: 109px) 100vw, 109px\" src=\"data:image\/svg+xml;base64,PHN2ZyB3aWR0aD0iMSIgaGVpZ2h0PSIxIiB4bWxucz0iaHR0cDovL3d3dy53My5vcmcvMjAwMC9zdmciPjwvc3ZnPg==\" \/><\/p>\n","protected":false},"featured_media":3710,"template":"","meta":{"_price":"12.30","_stock":"","_tribe_ticket_header":"","_tribe_default_ticket_provider":"","_ticket_start_date":"","_ticket_end_date":"","_tribe_ticket_show_description":"","_tribe_ticket_show_not_going":false,"_tribe_ticket_use_global_stock":"","_tribe_ticket_global_stock_level":"","_global_stock_mode":"","_global_stock_cap":"","_tribe_rsvp_for_event":"","_tribe_ticket_going_count":"","_tribe_ticket_not_going_count":"","_tribe_tickets_list":"[]","_tribe_ticket_has_attendee_info_fields":false},"product_brand":[],"product_cat":[45],"product_tag":[],"class_list":{"0":"post-3373","1":"product","2":"type-product","3":"status-publish","4":"has-post-thumbnail","6":"product_cat-hydrolats-de-plantes-seules","8":"first","9":"instock","10":"taxable","11":"shipping-taxable","12":"purchasable","13":"product-type-variable"},"yoast_head":"<!-- This site is optimized with the Yoast SEO plugin v26.9 - https:\/\/yoast.com\/product\/yoast-seo-wordpress\/ -->\n<title>Hydrolat de Menthe poivr\u00e9e - La Rochette<\/title>\n<meta name=\"robots\" content=\"index, follow, max-snippet:-1, max-image-preview:large, max-video-preview:-1\" \/>\n<link rel=\"canonical\" href=\"https:\/\/fermelarochette.ch\/index.php\/produit\/hydrolat-de-menthe-poivree\/\" \/>\n<meta property=\"og:locale\" content=\"fr_FR\" \/>\n<meta property=\"og:type\" content=\"article\" \/>\n<meta property=\"og:title\" content=\"Hydrolat de Menthe poivr\u00e9e - La Rochette\" \/>\n<meta property=\"og:url\" content=\"https:\/\/fermelarochette.ch\/index.php\/produit\/hydrolat-de-menthe-poivree\/\" \/>\n<meta property=\"og:site_name\" content=\"La Rochette\" \/>\n<meta property=\"article:modified_time\" content=\"2026-03-17T22:40:51+00:00\" \/>\n<meta property=\"og:image\" content=\"https:\/\/fermelarochette.ch\/wp-content\/uploads\/2026\/03\/Menthe_sans_spray-scaled.jpg\" \/>\n\t<meta property=\"og:image:width\" content=\"2048\" \/>\n\t<meta property=\"og:image:height\" content=\"2560\" \/>\n\t<meta property=\"og:image:type\" content=\"image\/jpeg\" \/>\n<meta name=\"twitter:card\" content=\"summary_large_image\" \/>\n<meta name=\"twitter:label1\" content=\"Dur\u00e9e de lecture estim\u00e9e\" \/>\n\t<meta name=\"twitter:data1\" content=\"1 minute\" \/>\n<script type=\"application\/ld+json\" class=\"yoast-schema-graph\">{\"@context\":\"https:\/\/schema.org\",\"@graph\":[{\"@type\":\"WebPage\",\"@id\":\"https:\/\/fermelarochette.ch\/index.php\/produit\/hydrolat-de-menthe-poivree\/\",\"url\":\"https:\/\/fermelarochette.ch\/index.php\/produit\/hydrolat-de-menthe-poivree\/\",\"name\":\"Hydrolat de Menthe poivr\u00e9e - La Rochette\",\"isPartOf\":{\"@id\":\"https:\/\/fermelarochette.ch\/#website\"},\"primaryImageOfPage\":{\"@id\":\"https:\/\/fermelarochette.ch\/index.php\/produit\/hydrolat-de-menthe-poivree\/#primaryimage\"},\"image\":{\"@id\":\"https:\/\/fermelarochette.ch\/index.php\/produit\/hydrolat-de-menthe-poivree\/#primaryimage\"},\"thumbnailUrl\":\"https:\/\/fermelarochette.ch\/wp-content\/uploads\/2026\/03\/Menthe_sans_spray-scaled.jpg\",\"datePublished\":\"2026-02-14T13:06:45+00:00\",\"dateModified\":\"2026-03-17T22:40:51+00:00\",\"breadcrumb\":{\"@id\":\"https:\/\/fermelarochette.ch\/index.php\/produit\/hydrolat-de-menthe-poivree\/#breadcrumb\"},\"inLanguage\":\"fr-FR\",\"potentialAction\":[{\"@type\":\"ReadAction\",\"target\":[\"https:\/\/fermelarochette.ch\/index.php\/produit\/hydrolat-de-menthe-poivree\/\"]}]},{\"@type\":\"ImageObject\",\"inLanguage\":\"fr-FR\",\"@id\":\"https:\/\/fermelarochette.ch\/index.php\/produit\/hydrolat-de-menthe-poivree\/#primaryimage\",\"url\":\"https:\/\/fermelarochette.ch\/wp-content\/uploads\/2026\/03\/Menthe_sans_spray-scaled.jpg\",\"contentUrl\":\"https:\/\/fermelarochette.ch\/wp-content\/uploads\/2026\/03\/Menthe_sans_spray-scaled.jpg\",\"width\":2048,\"height\":2560,\"caption\":\"Hydrolat Menthe poivr\u00e9e avec bouchon\"},{\"@type\":\"BreadcrumbList\",\"@id\":\"https:\/\/fermelarochette.ch\/index.php\/produit\/hydrolat-de-menthe-poivree\/#breadcrumb\",\"itemListElement\":[{\"@type\":\"ListItem\",\"position\":1,\"name\":\"Accueil\",\"item\":\"https:\/\/fermelarochette.ch\/\"},{\"@type\":\"ListItem\",\"position\":2,\"name\":\"Boutique\",\"item\":\"https:\/\/fermelarochette.ch\/index.php\/boutique\/\"},{\"@type\":\"ListItem\",\"position\":3,\"name\":\"Hydrolat de Menthe poivr\u00e9e\"}]},{\"@type\":\"WebSite\",\"@id\":\"https:\/\/fermelarochette.ch\/#website\",\"url\":\"https:\/\/fermelarochette.ch\/\",\"name\":\"La Rochette\",\"description\":\"Micro-ferme biologique\",\"potentialAction\":[{\"@type\":\"SearchAction\",\"target\":{\"@type\":\"EntryPoint\",\"urlTemplate\":\"https:\/\/fermelarochette.ch\/?s={search_term_string}\"},\"query-input\":{\"@type\":\"PropertyValueSpecification\",\"valueRequired\":true,\"valueName\":\"search_term_string\"}}],\"inLanguage\":\"fr-FR\"}]}<\/script>\n<!-- \/ Yoast SEO plugin. -->","yoast_head_json":{"title":"Hydrolat de Menthe poivr\u00e9e - La Rochette","robots":{"index":"index","follow":"follow","max-snippet":"max-snippet:-1","max-image-preview":"max-image-preview:large","max-video-preview":"max-video-preview:-1"},"canonical":"https:\/\/fermelarochette.ch\/index.php\/produit\/hydrolat-de-menthe-poivree\/","og_locale":"fr_FR","og_type":"article","og_title":"Hydrolat de Menthe poivr\u00e9e - La Rochette","og_url":"https:\/\/fermelarochette.ch\/index.php\/produit\/hydrolat-de-menthe-poivree\/","og_site_name":"La Rochette","article_modified_time":"2026-03-17T22:40:51+00:00","og_image":[{"width":2048,"height":2560,"url":"https:\/\/fermelarochette.ch\/wp-content\/uploads\/2026\/03\/Menthe_sans_spray-scaled.jpg","type":"image\/jpeg"}],"twitter_card":"summary_large_image","twitter_misc":{"Dur\u00e9e de lecture estim\u00e9e":"1 minute"},"schema":{"@context":"https:\/\/schema.org","@graph":[{"@type":"WebPage","@id":"https:\/\/fermelarochette.ch\/index.php\/produit\/hydrolat-de-menthe-poivree\/","url":"https:\/\/fermelarochette.ch\/index.php\/produit\/hydrolat-de-menthe-poivree\/","name":"Hydrolat de Menthe poivr\u00e9e - La Rochette","isPartOf":{"@id":"https:\/\/fermelarochette.ch\/#website"},"primaryImageOfPage":{"@id":"https:\/\/fermelarochette.ch\/index.php\/produit\/hydrolat-de-menthe-poivree\/#primaryimage"},"image":{"@id":"https:\/\/fermelarochette.ch\/index.php\/produit\/hydrolat-de-menthe-poivree\/#primaryimage"},"thumbnailUrl":"https:\/\/fermelarochette.ch\/wp-content\/uploads\/2026\/03\/Menthe_sans_spray-scaled.jpg","datePublished":"2026-02-14T13:06:45+00:00","dateModified":"2026-03-17T22:40:51+00:00","breadcrumb":{"@id":"https:\/\/fermelarochette.ch\/index.php\/produit\/hydrolat-de-menthe-poivree\/#breadcrumb"},"inLanguage":"fr-FR","potentialAction":[{"@type":"ReadAction","target":["https:\/\/fermelarochette.ch\/index.php\/produit\/hydrolat-de-menthe-poivree\/"]}]},{"@type":"ImageObject","inLanguage":"fr-FR","@id":"https:\/\/fermelarochette.ch\/index.php\/produit\/hydrolat-de-menthe-poivree\/#primaryimage","url":"https:\/\/fermelarochette.ch\/wp-content\/uploads\/2026\/03\/Menthe_sans_spray-scaled.jpg","contentUrl":"https:\/\/fermelarochette.ch\/wp-content\/uploads\/2026\/03\/Menthe_sans_spray-scaled.jpg","width":2048,"height":2560,"caption":"Hydrolat Menthe poivr\u00e9e avec bouchon"},{"@type":"BreadcrumbList","@id":"https:\/\/fermelarochette.ch\/index.php\/produit\/hydrolat-de-menthe-poivree\/#breadcrumb","itemListElement":[{"@type":"ListItem","position":1,"name":"Accueil","item":"https:\/\/fermelarochette.ch\/"},{"@type":"ListItem","position":2,"name":"Boutique","item":"https:\/\/fermelarochette.ch\/index.php\/boutique\/"},{"@type":"ListItem","position":3,"name":"Hydrolat de Menthe poivr\u00e9e"}]},{"@type":"WebSite","@id":"https:\/\/fermelarochette.ch\/#website","url":"https:\/\/fermelarochette.ch\/","name":"La Rochette","description":"Micro-ferme biologique","potentialAction":[{"@type":"SearchAction","target":{"@type":"EntryPoint","urlTemplate":"https:\/\/fermelarochette.ch\/?s={search_term_string}"},"query-input":{"@type":"PropertyValueSpecification","valueRequired":true,"valueName":"search_term_string"}}],"inLanguage":"fr-FR"}]}},"jetpack_sharing_enabled":true,"_links":{"self":[{"href":"https:\/\/fermelarochette.ch\/index.php\/wp-json\/wp\/v2\/product\/3373","targetHints":{"allow":["GET"]}}],"collection":[{"href":"https:\/\/fermelarochette.ch\/index.php\/wp-json\/wp\/v2\/product"}],"about":[{"href":"https:\/\/fermelarochette.ch\/index.php\/wp-json\/wp\/v2\/types\/product"}],"wp:featuredmedia":[{"embeddable":true,"href":"https:\/\/fermelarochette.ch\/index.php\/wp-json\/wp\/v2\/media\/3710"}],"wp:attachment":[{"href":"https:\/\/fermelarochette.ch\/index.php\/wp-json\/wp\/v2\/media?parent=3373"}],"wp:term":[{"taxonomy":"product_brand","embeddable":true,"href":"https:\/\/fermelarochette.ch\/index.php\/wp-json\/wp\/v2\/product_brand?post=3373"},{"taxonomy":"product_cat","embeddable":true,"href":"https:\/\/fermelarochette.ch\/index.php\/wp-json\/wp\/v2\/product_cat?post=3373"},{"taxonomy":"product_tag","embeddable":true,"href":"https:\/\/fermelarochette.ch\/index.php\/wp-json\/wp\/v2\/product_tag?post=3373"}],"curies":[{"name":"wp","href":"https:\/\/api.w.org\/{rel}","templated":true}]}}