{"id":3269,"date":"2026-02-14T14:17:10","date_gmt":"2026-02-14T13:17:10","guid":{"rendered":"https:\/\/fermelarochette.ch\/?post_type=product&#038;p=3269"},"modified":"2026-03-14T10:57:21","modified_gmt":"2026-03-14T09:57:21","slug":"sirop-verveine-citronnee","status":"publish","type":"product","link":"https:\/\/fermelarochette.ch\/index.php\/produit\/sirop-verveine-citronnee\/","title":{"rendered":"Sirop Verveine citronn\u00e9e"},"content":{"rendered":"<p>Un sirop rafra\u00eechissant \u00e0 l\u2019intense go\u00fbt de verveine, r\u00e9colt\u00e9e au meilleur de sa croissance.<\/p>\n","protected":false},"excerpt":{"rendered":"<p><img decoding=\"async\" class=\"alignnone wp-image-3736 lazyload\" data-src=\"https:\/\/fermelarochette.ch\/wp-content\/uploads\/2026\/02\/bs_rgb_pos-300x248.jpg\" alt=\"Logo bio bourgeons suisse\" width=\"109\" height=\"90\" data-srcset=\"https:\/\/fermelarochette.ch\/wp-content\/uploads\/2026\/02\/bs_rgb_pos-300x248.jpg 300w, https:\/\/fermelarochette.ch\/wp-content\/uploads\/2026\/02\/bs_rgb_pos-768x634.jpg 768w, https:\/\/fermelarochette.ch\/wp-content\/uploads\/2026\/02\/bs_rgb_pos-363x300.jpg 363w, https:\/\/fermelarochette.ch\/wp-content\/uploads\/2026\/02\/bs_rgb_pos-600x496.jpg 600w, https:\/\/fermelarochette.ch\/wp-content\/uploads\/2026\/02\/bs_rgb_pos.jpg 936w\" data-sizes=\"(max-width: 109px) 100vw, 109px\" src=\"data:image\/svg+xml;base64,PHN2ZyB3aWR0aD0iMSIgaGVpZ2h0PSIxIiB4bWxucz0iaHR0cDovL3d3dy53My5vcmcvMjAwMC9zdmciPjwvc3ZnPg==\" style=\"--smush-placeholder-width: 109px; --smush-placeholder-aspect-ratio: 109\/90;\" \/><\/p>\n","protected":false},"featured_media":3727,"template":"","meta":{"_price":"9.80","_stock":"","_tribe_ticket_header":"","_tribe_default_ticket_provider":"","_ticket_start_date":"","_ticket_end_date":"","_tribe_ticket_show_description":"","_tribe_ticket_show_not_going":false,"_tribe_ticket_use_global_stock":"","_tribe_ticket_global_stock_level":"","_global_stock_mode":"","_global_stock_cap":"","_tribe_rsvp_for_event":"","_tribe_ticket_going_count":"","_tribe_ticket_not_going_count":"","_tribe_tickets_list":"[]","_tribe_ticket_has_attendee_info_fields":false},"product_brand":[],"product_cat":[40],"product_tag":[],"class_list":{"0":"post-3269","1":"product","2":"type-product","3":"status-publish","4":"has-post-thumbnail","6":"product_cat-sirops","8":"first","9":"instock","10":"taxable","11":"shipping-taxable","12":"purchasable","13":"product-type-variable"},"yoast_head":"<!-- This site is optimized with the Yoast SEO plugin v26.9 - https:\/\/yoast.com\/product\/yoast-seo-wordpress\/ -->\n<title>Sirop Verveine citronn\u00e9e - La Rochette<\/title>\n<meta name=\"robots\" content=\"index, follow, max-snippet:-1, max-image-preview:large, max-video-preview:-1\" \/>\n<link rel=\"canonical\" href=\"https:\/\/fermelarochette.ch\/index.php\/produit\/sirop-verveine-citronnee\/\" \/>\n<meta property=\"og:locale\" content=\"fr_FR\" \/>\n<meta property=\"og:type\" content=\"article\" \/>\n<meta property=\"og:title\" content=\"Sirop Verveine citronn\u00e9e - La Rochette\" \/>\n<meta property=\"og:url\" content=\"https:\/\/fermelarochette.ch\/index.php\/produit\/sirop-verveine-citronnee\/\" \/>\n<meta property=\"og:site_name\" content=\"La Rochette\" \/>\n<meta property=\"article:modified_time\" content=\"2026-03-14T09:57:21+00:00\" \/>\n<meta property=\"og:image\" content=\"https:\/\/fermelarochette.ch\/wp-content\/uploads\/2026\/03\/Sirop_Verveine-scaled.jpg\" \/>\n\t<meta property=\"og:image:width\" content=\"2048\" \/>\n\t<meta property=\"og:image:height\" content=\"2560\" \/>\n\t<meta property=\"og:image:type\" content=\"image\/jpeg\" \/>\n<meta name=\"twitter:card\" content=\"summary_large_image\" \/>\n<script type=\"application\/ld+json\" class=\"yoast-schema-graph\">{\"@context\":\"https:\/\/schema.org\",\"@graph\":[{\"@type\":\"WebPage\",\"@id\":\"https:\/\/fermelarochette.ch\/index.php\/produit\/sirop-verveine-citronnee\/\",\"url\":\"https:\/\/fermelarochette.ch\/index.php\/produit\/sirop-verveine-citronnee\/\",\"name\":\"Sirop Verveine citronn\u00e9e - La Rochette\",\"isPartOf\":{\"@id\":\"https:\/\/fermelarochette.ch\/#website\"},\"primaryImageOfPage\":{\"@id\":\"https:\/\/fermelarochette.ch\/index.php\/produit\/sirop-verveine-citronnee\/#primaryimage\"},\"image\":{\"@id\":\"https:\/\/fermelarochette.ch\/index.php\/produit\/sirop-verveine-citronnee\/#primaryimage\"},\"thumbnailUrl\":\"https:\/\/fermelarochette.ch\/wp-content\/uploads\/2026\/03\/Sirop_Verveine-scaled.jpg\",\"datePublished\":\"2026-02-14T13:17:10+00:00\",\"dateModified\":\"2026-03-14T09:57:21+00:00\",\"breadcrumb\":{\"@id\":\"https:\/\/fermelarochette.ch\/index.php\/produit\/sirop-verveine-citronnee\/#breadcrumb\"},\"inLanguage\":\"fr-FR\",\"potentialAction\":[{\"@type\":\"ReadAction\",\"target\":[\"https:\/\/fermelarochette.ch\/index.php\/produit\/sirop-verveine-citronnee\/\"]}]},{\"@type\":\"ImageObject\",\"inLanguage\":\"fr-FR\",\"@id\":\"https:\/\/fermelarochette.ch\/index.php\/produit\/sirop-verveine-citronnee\/#primaryimage\",\"url\":\"https:\/\/fermelarochette.ch\/wp-content\/uploads\/2026\/03\/Sirop_Verveine-scaled.jpg\",\"contentUrl\":\"https:\/\/fermelarochette.ch\/wp-content\/uploads\/2026\/03\/Sirop_Verveine-scaled.jpg\",\"width\":2048,\"height\":2560,\"caption\":\"Sirop Verveine citronn\u00e9e\"},{\"@type\":\"BreadcrumbList\",\"@id\":\"https:\/\/fermelarochette.ch\/index.php\/produit\/sirop-verveine-citronnee\/#breadcrumb\",\"itemListElement\":[{\"@type\":\"ListItem\",\"position\":1,\"name\":\"Accueil\",\"item\":\"https:\/\/fermelarochette.ch\/\"},{\"@type\":\"ListItem\",\"position\":2,\"name\":\"Boutique\",\"item\":\"https:\/\/fermelarochette.ch\/index.php\/boutique\/\"},{\"@type\":\"ListItem\",\"position\":3,\"name\":\"Sirop Verveine citronn\u00e9e\"}]},{\"@type\":\"WebSite\",\"@id\":\"https:\/\/fermelarochette.ch\/#website\",\"url\":\"https:\/\/fermelarochette.ch\/\",\"name\":\"La Rochette\",\"description\":\"Micro-ferme biologique\",\"potentialAction\":[{\"@type\":\"SearchAction\",\"target\":{\"@type\":\"EntryPoint\",\"urlTemplate\":\"https:\/\/fermelarochette.ch\/?s={search_term_string}\"},\"query-input\":{\"@type\":\"PropertyValueSpecification\",\"valueRequired\":true,\"valueName\":\"search_term_string\"}}],\"inLanguage\":\"fr-FR\"}]}<\/script>\n<!-- \/ Yoast SEO plugin. -->","yoast_head_json":{"title":"Sirop Verveine citronn\u00e9e - La Rochette","robots":{"index":"index","follow":"follow","max-snippet":"max-snippet:-1","max-image-preview":"max-image-preview:large","max-video-preview":"max-video-preview:-1"},"canonical":"https:\/\/fermelarochette.ch\/index.php\/produit\/sirop-verveine-citronnee\/","og_locale":"fr_FR","og_type":"article","og_title":"Sirop Verveine citronn\u00e9e - La Rochette","og_url":"https:\/\/fermelarochette.ch\/index.php\/produit\/sirop-verveine-citronnee\/","og_site_name":"La Rochette","article_modified_time":"2026-03-14T09:57:21+00:00","og_image":[{"width":2048,"height":2560,"url":"https:\/\/fermelarochette.ch\/wp-content\/uploads\/2026\/03\/Sirop_Verveine-scaled.jpg","type":"image\/jpeg"}],"twitter_card":"summary_large_image","schema":{"@context":"https:\/\/schema.org","@graph":[{"@type":"WebPage","@id":"https:\/\/fermelarochette.ch\/index.php\/produit\/sirop-verveine-citronnee\/","url":"https:\/\/fermelarochette.ch\/index.php\/produit\/sirop-verveine-citronnee\/","name":"Sirop Verveine citronn\u00e9e - La Rochette","isPartOf":{"@id":"https:\/\/fermelarochette.ch\/#website"},"primaryImageOfPage":{"@id":"https:\/\/fermelarochette.ch\/index.php\/produit\/sirop-verveine-citronnee\/#primaryimage"},"image":{"@id":"https:\/\/fermelarochette.ch\/index.php\/produit\/sirop-verveine-citronnee\/#primaryimage"},"thumbnailUrl":"https:\/\/fermelarochette.ch\/wp-content\/uploads\/2026\/03\/Sirop_Verveine-scaled.jpg","datePublished":"2026-02-14T13:17:10+00:00","dateModified":"2026-03-14T09:57:21+00:00","breadcrumb":{"@id":"https:\/\/fermelarochette.ch\/index.php\/produit\/sirop-verveine-citronnee\/#breadcrumb"},"inLanguage":"fr-FR","potentialAction":[{"@type":"ReadAction","target":["https:\/\/fermelarochette.ch\/index.php\/produit\/sirop-verveine-citronnee\/"]}]},{"@type":"ImageObject","inLanguage":"fr-FR","@id":"https:\/\/fermelarochette.ch\/index.php\/produit\/sirop-verveine-citronnee\/#primaryimage","url":"https:\/\/fermelarochette.ch\/wp-content\/uploads\/2026\/03\/Sirop_Verveine-scaled.jpg","contentUrl":"https:\/\/fermelarochette.ch\/wp-content\/uploads\/2026\/03\/Sirop_Verveine-scaled.jpg","width":2048,"height":2560,"caption":"Sirop Verveine citronn\u00e9e"},{"@type":"BreadcrumbList","@id":"https:\/\/fermelarochette.ch\/index.php\/produit\/sirop-verveine-citronnee\/#breadcrumb","itemListElement":[{"@type":"ListItem","position":1,"name":"Accueil","item":"https:\/\/fermelarochette.ch\/"},{"@type":"ListItem","position":2,"name":"Boutique","item":"https:\/\/fermelarochette.ch\/index.php\/boutique\/"},{"@type":"ListItem","position":3,"name":"Sirop Verveine citronn\u00e9e"}]},{"@type":"WebSite","@id":"https:\/\/fermelarochette.ch\/#website","url":"https:\/\/fermelarochette.ch\/","name":"La Rochette","description":"Micro-ferme biologique","potentialAction":[{"@type":"SearchAction","target":{"@type":"EntryPoint","urlTemplate":"https:\/\/fermelarochette.ch\/?s={search_term_string}"},"query-input":{"@type":"PropertyValueSpecification","valueRequired":true,"valueName":"search_term_string"}}],"inLanguage":"fr-FR"}]}},"jetpack_sharing_enabled":true,"_links":{"self":[{"href":"https:\/\/fermelarochette.ch\/index.php\/wp-json\/wp\/v2\/product\/3269","targetHints":{"allow":["GET"]}}],"collection":[{"href":"https:\/\/fermelarochette.ch\/index.php\/wp-json\/wp\/v2\/product"}],"about":[{"href":"https:\/\/fermelarochette.ch\/index.php\/wp-json\/wp\/v2\/types\/product"}],"wp:featuredmedia":[{"embeddable":true,"href":"https:\/\/fermelarochette.ch\/index.php\/wp-json\/wp\/v2\/media\/3727"}],"wp:attachment":[{"href":"https:\/\/fermelarochette.ch\/index.php\/wp-json\/wp\/v2\/media?parent=3269"}],"wp:term":[{"taxonomy":"product_brand","embeddable":true,"href":"https:\/\/fermelarochette.ch\/index.php\/wp-json\/wp\/v2\/product_brand?post=3269"},{"taxonomy":"product_cat","embeddable":true,"href":"https:\/\/fermelarochette.ch\/index.php\/wp-json\/wp\/v2\/product_cat?post=3269"},{"taxonomy":"product_tag","embeddable":true,"href":"https:\/\/fermelarochette.ch\/index.php\/wp-json\/wp\/v2\/product_tag?post=3269"}],"curies":[{"name":"wp","href":"https:\/\/api.w.org\/{rel}","templated":true}]}}