{"id":285,"date":"2022-02-03T19:34:30","date_gmt":"2022-02-03T19:34:30","guid":{"rendered":"https:\/\/fermelarochette.ch\/wordpress\/index.php\/newsletter\/"},"modified":"2022-03-27T20:38:34","modified_gmt":"2022-03-27T19:38:34","slug":"newsletter-information-activites","status":"publish","type":"page","link":"https:\/\/fermelarochette.ch\/index.php\/newsletter-information-activites\/","title":{"rendered":"Newsletter"},"content":{"rendered":"<p><div class=\"tnp tnp-subscription \">\n<form method=\"post\" action=\"https:\/\/fermelarochette.ch\/wp-admin\/admin-ajax.php?action=tnp&amp;na=s\">\n<input type=\"hidden\" name=\"nlang\" value=\"\">\n<div class=\"tnp-field tnp-field-email\"><label for=\"tnp-1\">Email<\/label>\n<input class=\"tnp-email\" type=\"email\" name=\"ne\" id=\"tnp-1\" value=\"\" placeholder=\"\" required><\/div>\n<div class=\"tnp-field tnp-field-button\" style=\"text-align: left\"><input class=\"tnp-submit\" type=\"submit\" value=\"S&#039;inscrire\" style=\"\">\n<\/div>\n<\/form>\n<\/div>\n<\/p>\n","protected":false},"excerpt":{"rendered":"","protected":false},"author":1,"featured_media":841,"parent":0,"menu_order":0,"comment_status":"closed","ping_status":"closed","template":"","meta":{"_price":"","_stock":"","_tribe_ticket_header":"","_tribe_default_ticket_provider":"","_ticket_start_date":"","_ticket_end_date":"","_tribe_ticket_show_description":"","_tribe_ticket_show_not_going":false,"_tribe_ticket_use_global_stock":"","_tribe_ticket_global_stock_level":"","_global_stock_mode":"","_global_stock_cap":"","_tribe_rsvp_for_event":"","_tribe_ticket_going_count":"","_tribe_ticket_not_going_count":"","_tribe_tickets_list":"[]","_tribe_ticket_has_attendee_info_fields":false,"footnotes":"","_tec_slr_enabled":"","_tec_slr_layout":""},"class_list":["post-285","page","type-page","status-publish","has-post-thumbnail","hentry"],"yoast_head":"<!-- This site is optimized with the Yoast SEO plugin v26.9 - https:\/\/yoast.com\/product\/yoast-seo-wordpress\/ -->\n<title>Newsletter - La Rochette<\/title>\n<meta name=\"description\" content=\"Newsletter pour rester inform\u00e9\u00b7e\u00b7s des \u00e9v\u00e9nements \u00e0 venir, formations, nouveaux produits et autres rebondissements dans la vie de la ferme !\" \/>\n<meta name=\"robots\" content=\"index, follow, max-snippet:-1, max-image-preview:large, max-video-preview:-1\" \/>\n<link rel=\"canonical\" href=\"https:\/\/fermelarochette.ch\/index.php\/newsletter-information-activites\/\" \/>\n<meta property=\"og:locale\" content=\"fr_FR\" \/>\n<meta property=\"og:type\" content=\"article\" \/>\n<meta property=\"og:title\" content=\"Newsletter - La Rochette\" \/>\n<meta property=\"og:description\" content=\"Newsletter pour rester inform\u00e9\u00b7e\u00b7s des \u00e9v\u00e9nements \u00e0 venir, formations, nouveaux produits et autres rebondissements dans la vie de la ferme !\" \/>\n<meta property=\"og:url\" content=\"https:\/\/fermelarochette.ch\/index.php\/newsletter-information-activites\/\" \/>\n<meta property=\"og:site_name\" content=\"La Rochette\" \/>\n<meta property=\"article:modified_time\" content=\"2022-03-27T19:38:34+00:00\" \/>\n<meta property=\"og:image\" content=\"https:\/\/fermelarochette.ch\/wp-content\/uploads\/2022\/02\/markus-spiske-ZKNsVqbRSPE-unsplash-scaled.jpg\" \/>\n\t<meta property=\"og:image:width\" content=\"2560\" \/>\n\t<meta property=\"og:image:height\" content=\"1707\" \/>\n\t<meta property=\"og:image:type\" content=\"image\/jpeg\" \/>\n<meta name=\"twitter:card\" content=\"summary_large_image\" \/>\n<meta name=\"twitter:label1\" content=\"Dur\u00e9e de lecture estim\u00e9e\" \/>\n\t<meta name=\"twitter:data1\" content=\"1 minute\" \/>\n<script type=\"application\/ld+json\" class=\"yoast-schema-graph\">{\"@context\":\"https:\/\/schema.org\",\"@graph\":[{\"@type\":\"WebPage\",\"@id\":\"https:\/\/fermelarochette.ch\/index.php\/newsletter-information-activites\/\",\"url\":\"https:\/\/fermelarochette.ch\/index.php\/newsletter-information-activites\/\",\"name\":\"Newsletter - La Rochette\",\"isPartOf\":{\"@id\":\"https:\/\/fermelarochette.ch\/#website\"},\"primaryImageOfPage\":{\"@id\":\"https:\/\/fermelarochette.ch\/index.php\/newsletter-information-activites\/#primaryimage\"},\"image\":{\"@id\":\"https:\/\/fermelarochette.ch\/index.php\/newsletter-information-activites\/#primaryimage\"},\"thumbnailUrl\":\"https:\/\/fermelarochette.ch\/wp-content\/uploads\/2022\/02\/markus-spiske-ZKNsVqbRSPE-unsplash-scaled.jpg\",\"datePublished\":\"2022-02-03T19:34:30+00:00\",\"dateModified\":\"2022-03-27T19:38:34+00:00\",\"description\":\"Newsletter pour rester inform\u00e9\u00b7e\u00b7s des \u00e9v\u00e9nements \u00e0 venir, formations, nouveaux produits et autres rebondissements dans la vie de la ferme !\",\"breadcrumb\":{\"@id\":\"https:\/\/fermelarochette.ch\/index.php\/newsletter-information-activites\/#breadcrumb\"},\"inLanguage\":\"fr-FR\",\"potentialAction\":[{\"@type\":\"ReadAction\",\"target\":[\"https:\/\/fermelarochette.ch\/index.php\/newsletter-information-activites\/\"]}]},{\"@type\":\"ImageObject\",\"inLanguage\":\"fr-FR\",\"@id\":\"https:\/\/fermelarochette.ch\/index.php\/newsletter-information-activites\/#primaryimage\",\"url\":\"https:\/\/fermelarochette.ch\/wp-content\/uploads\/2022\/02\/markus-spiske-ZKNsVqbRSPE-unsplash-scaled.jpg\",\"contentUrl\":\"https:\/\/fermelarochette.ch\/wp-content\/uploads\/2022\/02\/markus-spiske-ZKNsVqbRSPE-unsplash-scaled.jpg\",\"width\":2560,\"height\":1707,\"caption\":\"Newsletter\"},{\"@type\":\"BreadcrumbList\",\"@id\":\"https:\/\/fermelarochette.ch\/index.php\/newsletter-information-activites\/#breadcrumb\",\"itemListElement\":[{\"@type\":\"ListItem\",\"position\":1,\"name\":\"Accueil\",\"item\":\"https:\/\/fermelarochette.ch\/\"},{\"@type\":\"ListItem\",\"position\":2,\"name\":\"Newsletter\"}]},{\"@type\":\"WebSite\",\"@id\":\"https:\/\/fermelarochette.ch\/#website\",\"url\":\"https:\/\/fermelarochette.ch\/\",\"name\":\"La Rochette\",\"description\":\"Micro-ferme biologique\",\"potentialAction\":[{\"@type\":\"SearchAction\",\"target\":{\"@type\":\"EntryPoint\",\"urlTemplate\":\"https:\/\/fermelarochette.ch\/?s={search_term_string}\"},\"query-input\":{\"@type\":\"PropertyValueSpecification\",\"valueRequired\":true,\"valueName\":\"search_term_string\"}}],\"inLanguage\":\"fr-FR\"}]}<\/script>\n<!-- \/ Yoast SEO plugin. -->","yoast_head_json":{"title":"Newsletter - La Rochette","description":"Newsletter pour rester inform\u00e9\u00b7e\u00b7s des \u00e9v\u00e9nements \u00e0 venir, formations, nouveaux produits et autres rebondissements dans la vie de la ferme !","robots":{"index":"index","follow":"follow","max-snippet":"max-snippet:-1","max-image-preview":"max-image-preview:large","max-video-preview":"max-video-preview:-1"},"canonical":"https:\/\/fermelarochette.ch\/index.php\/newsletter-information-activites\/","og_locale":"fr_FR","og_type":"article","og_title":"Newsletter - La Rochette","og_description":"Newsletter pour rester inform\u00e9\u00b7e\u00b7s des \u00e9v\u00e9nements \u00e0 venir, formations, nouveaux produits et autres rebondissements dans la vie de la ferme !","og_url":"https:\/\/fermelarochette.ch\/index.php\/newsletter-information-activites\/","og_site_name":"La Rochette","article_modified_time":"2022-03-27T19:38:34+00:00","og_image":[{"width":2560,"height":1707,"url":"https:\/\/fermelarochette.ch\/wp-content\/uploads\/2022\/02\/markus-spiske-ZKNsVqbRSPE-unsplash-scaled.jpg","type":"image\/jpeg"}],"twitter_card":"summary_large_image","twitter_misc":{"Dur\u00e9e de lecture estim\u00e9e":"1 minute"},"schema":{"@context":"https:\/\/schema.org","@graph":[{"@type":"WebPage","@id":"https:\/\/fermelarochette.ch\/index.php\/newsletter-information-activites\/","url":"https:\/\/fermelarochette.ch\/index.php\/newsletter-information-activites\/","name":"Newsletter - La Rochette","isPartOf":{"@id":"https:\/\/fermelarochette.ch\/#website"},"primaryImageOfPage":{"@id":"https:\/\/fermelarochette.ch\/index.php\/newsletter-information-activites\/#primaryimage"},"image":{"@id":"https:\/\/fermelarochette.ch\/index.php\/newsletter-information-activites\/#primaryimage"},"thumbnailUrl":"https:\/\/fermelarochette.ch\/wp-content\/uploads\/2022\/02\/markus-spiske-ZKNsVqbRSPE-unsplash-scaled.jpg","datePublished":"2022-02-03T19:34:30+00:00","dateModified":"2022-03-27T19:38:34+00:00","description":"Newsletter pour rester inform\u00e9\u00b7e\u00b7s des \u00e9v\u00e9nements \u00e0 venir, formations, nouveaux produits et autres rebondissements dans la vie de la ferme !","breadcrumb":{"@id":"https:\/\/fermelarochette.ch\/index.php\/newsletter-information-activites\/#breadcrumb"},"inLanguage":"fr-FR","potentialAction":[{"@type":"ReadAction","target":["https:\/\/fermelarochette.ch\/index.php\/newsletter-information-activites\/"]}]},{"@type":"ImageObject","inLanguage":"fr-FR","@id":"https:\/\/fermelarochette.ch\/index.php\/newsletter-information-activites\/#primaryimage","url":"https:\/\/fermelarochette.ch\/wp-content\/uploads\/2022\/02\/markus-spiske-ZKNsVqbRSPE-unsplash-scaled.jpg","contentUrl":"https:\/\/fermelarochette.ch\/wp-content\/uploads\/2022\/02\/markus-spiske-ZKNsVqbRSPE-unsplash-scaled.jpg","width":2560,"height":1707,"caption":"Newsletter"},{"@type":"BreadcrumbList","@id":"https:\/\/fermelarochette.ch\/index.php\/newsletter-information-activites\/#breadcrumb","itemListElement":[{"@type":"ListItem","position":1,"name":"Accueil","item":"https:\/\/fermelarochette.ch\/"},{"@type":"ListItem","position":2,"name":"Newsletter"}]},{"@type":"WebSite","@id":"https:\/\/fermelarochette.ch\/#website","url":"https:\/\/fermelarochette.ch\/","name":"La Rochette","description":"Micro-ferme biologique","potentialAction":[{"@type":"SearchAction","target":{"@type":"EntryPoint","urlTemplate":"https:\/\/fermelarochette.ch\/?s={search_term_string}"},"query-input":{"@type":"PropertyValueSpecification","valueRequired":true,"valueName":"search_term_string"}}],"inLanguage":"fr-FR"}]}},"jetpack_sharing_enabled":true,"ticketed":false,"_links":{"self":[{"href":"https:\/\/fermelarochette.ch\/index.php\/wp-json\/wp\/v2\/pages\/285","targetHints":{"allow":["GET"]}}],"collection":[{"href":"https:\/\/fermelarochette.ch\/index.php\/wp-json\/wp\/v2\/pages"}],"about":[{"href":"https:\/\/fermelarochette.ch\/index.php\/wp-json\/wp\/v2\/types\/page"}],"author":[{"embeddable":true,"href":"https:\/\/fermelarochette.ch\/index.php\/wp-json\/wp\/v2\/users\/1"}],"replies":[{"embeddable":true,"href":"https:\/\/fermelarochette.ch\/index.php\/wp-json\/wp\/v2\/comments?post=285"}],"version-history":[{"count":5,"href":"https:\/\/fermelarochette.ch\/index.php\/wp-json\/wp\/v2\/pages\/285\/revisions"}],"predecessor-version":[{"id":1073,"href":"https:\/\/fermelarochette.ch\/index.php\/wp-json\/wp\/v2\/pages\/285\/revisions\/1073"}],"wp:featuredmedia":[{"embeddable":true,"href":"https:\/\/fermelarochette.ch\/index.php\/wp-json\/wp\/v2\/media\/841"}],"wp:attachment":[{"href":"https:\/\/fermelarochette.ch\/index.php\/wp-json\/wp\/v2\/media?parent=285"}],"curies":[{"name":"wp","href":"https:\/\/api.w.org\/{rel}","templated":true}]}}