{"id":2193,"date":"2024-10-09T01:52:42","date_gmt":"2024-10-09T00:52:42","guid":{"rendered":"https:\/\/fermelarochette.ch\/?page_id=2193"},"modified":"2025-12-02T11:37:39","modified_gmt":"2025-12-02T10:37:39","slug":"multiplication-des-semences","status":"publish","type":"page","link":"https:\/\/fermelarochette.ch\/index.php\/formations-et-ateliers-programme\/multiplication-des-semences\/","title":{"rendered":"R\u00e9coltez les semences du jardin"},"content":{"rendered":"\n<h1 class=\"wp-block-heading\">Apprenez \u00e0 r\u00e9colter les pr\u00e9cieuses semences de l\u00e9gumes et de fleurs !<\/h1>\n\n\n\n<p>\u00c0 la port\u00e9e de toutes et tous, r\u00e9colter les semences de l\u00e9gumes et de fleurs du jardin permet de pr\u00e9server les vari\u00e9t\u00e9s locales tout en \u00e9conomisant. C&rsquo;est aussi une belle fa\u00e7on d&rsquo;apprendre \u00e0 conna\u00eetre le cycle des plantes, de la graine \u00e0 la graine. Durant cet atelier, vous apprendrez les bases de la r\u00e9colte des semences afin de r\u00e9colter celles de votre jardin en toute s\u00e9r\u00e9nit\u00e9. Nous r\u00e9colterons quelques vari\u00e9t\u00e9s de l\u00e9gumes ProSpecieRara.<\/p>\n\n\n\n<p>Ce cours est organis\u00e9 en collaboration avec <a href=\"https:\/\/www.prospecierara.ch\/fr.html\" target=\"_blank\" rel=\"noreferrer noopener\">ProSpecieRara<\/a>.<\/p>\n\n\n\n<p><mark style=\"background-color:rgba(0, 0, 0, 0)\" class=\"has-inline-color has-accent-1-color\"><strong>Date et horaire :<\/strong> <\/mark><strong>12 septembre 2026, 9h30 \u00e0 12h<\/strong><\/p>\n\n\n\n<p><strong><mark style=\"background-color:rgba(0, 0, 0, 0)\" class=\"has-inline-color has-accent-1-color\">Lieu : <\/mark><\/strong>Au jardin de La Rochette micro-ferme, Clos-Dessous, 2947 Charmoille (arr\u00eat de bus \u00ab\u00a0Charmoille, village\u00a0\u00bb).<\/p>\n\n\n\n<p><mark style=\"background-color:rgba(0, 0, 0, 0)\" class=\"has-inline-color has-accent-1-color\"><strong>Intervenante :<\/strong> <\/mark>Claudine Miserez, herboriste et cultivatrice de plantes m\u00e9dicinales \u00e0 La Rochette.<\/p>\n\n\n\n<p><strong><mark style=\"background-color:rgba(0, 0, 0, 0)\" class=\"has-inline-color has-accent-1-color\">Prix :<\/mark> <\/strong>25.-\/personne pour les membres de Pro Specie Rara, 35.- pour les non membres.<\/p>\n\n\n\n<p><strong><mark style=\"background-color:rgba(0, 0, 0, 0)\" class=\"has-inline-color has-accent-1-color\">Paiement :<\/mark><\/strong> sur place<\/p>\n\n\n\n<p><strong><mark style=\"background-color:rgba(0, 0, 0, 0)\" class=\"has-inline-color has-accent-1-color\">Inscription et demande d\u2019informations :<\/mark><\/strong><br>Inscription sur la page d\u00e9di\u00e9e du site Pro Specie rara, <a href=\"https:\/\/www.prospecierara.ch\/fr\/decouvrir\/manifestations\/initiation-%C3%A0-la-r%C3%A9colte-de-semences-aux-champs\" target=\"_blank\" rel=\"noreferrer noopener\">ici<\/a>.<br>Demande d\u2019informations aupr\u00e8s de Claudine Miserez \u00e0 l\u2019adresse <a href=\"mailto:claudine@fermelarochette.ch\">claudine@fermelarochette.ch<\/a> ou par t\u00e9l\u00e9phone au 076 237 25 75.<\/p>\n\n\n\n<div style=\"height:70px\" aria-hidden=\"true\" class=\"wp-block-spacer\"><\/div>\n\n\n\n<figure class=\"wp-block-gallery has-nested-images columns-4 is-cropped wp-block-gallery-1 is-layout-flex wp-block-gallery-is-layout-flex\">\n<figure class=\"wp-block-image size-large\"><img decoding=\"async\" width=\"576\" height=\"1024\" data-id=\"2986\" data-src=\"https:\/\/fermelarochette.ch\/wp-content\/uploads\/2025\/12\/DSC06835-576x1024.jpg\" alt=\"\" class=\"wp-image-2986 lazyload\" data-srcset=\"https:\/\/fermelarochette.ch\/wp-content\/uploads\/2025\/12\/DSC06835-576x1024.jpg 576w, https:\/\/fermelarochette.ch\/wp-content\/uploads\/2025\/12\/DSC06835-rotated-600x1067.jpg 600w, https:\/\/fermelarochette.ch\/wp-content\/uploads\/2025\/12\/DSC06835-169x300.jpg 169w, https:\/\/fermelarochette.ch\/wp-content\/uploads\/2025\/12\/DSC06835-768x1365.jpg 768w, https:\/\/fermelarochette.ch\/wp-content\/uploads\/2025\/12\/DSC06835-864x1536.jpg 864w, https:\/\/fermelarochette.ch\/wp-content\/uploads\/2025\/12\/DSC06835-rotated.jpg 1080w\" data-sizes=\"(max-width: 576px) 100vw, 576px\" src=\"data:image\/svg+xml;base64,PHN2ZyB3aWR0aD0iMSIgaGVpZ2h0PSIxIiB4bWxucz0iaHR0cDovL3d3dy53My5vcmcvMjAwMC9zdmciPjwvc3ZnPg==\" style=\"--smush-placeholder-width: 576px; --smush-placeholder-aspect-ratio: 576\/1024;\" \/><\/figure>\n\n\n\n<figure class=\"wp-block-image size-large\"><img decoding=\"async\" width=\"1024\" height=\"768\" data-id=\"2980\" data-src=\"https:\/\/fermelarochette.ch\/wp-content\/uploads\/2025\/12\/IMG_20250911_083915-1024x768.jpg\" alt=\"\" class=\"wp-image-2980 lazyload\" data-srcset=\"https:\/\/fermelarochette.ch\/wp-content\/uploads\/2025\/12\/IMG_20250911_083915-1024x768.jpg 1024w, https:\/\/fermelarochette.ch\/wp-content\/uploads\/2025\/12\/IMG_20250911_083915-scaled-600x450.jpg 600w, https:\/\/fermelarochette.ch\/wp-content\/uploads\/2025\/12\/IMG_20250911_083915-300x225.jpg 300w, https:\/\/fermelarochette.ch\/wp-content\/uploads\/2025\/12\/IMG_20250911_083915-768x576.jpg 768w, https:\/\/fermelarochette.ch\/wp-content\/uploads\/2025\/12\/IMG_20250911_083915-1536x1152.jpg 1536w, https:\/\/fermelarochette.ch\/wp-content\/uploads\/2025\/12\/IMG_20250911_083915-2048x1536.jpg 2048w, https:\/\/fermelarochette.ch\/wp-content\/uploads\/2025\/12\/IMG_20250911_083915-400x300.jpg 400w\" data-sizes=\"(max-width: 1024px) 100vw, 1024px\" src=\"data:image\/svg+xml;base64,PHN2ZyB3aWR0aD0iMSIgaGVpZ2h0PSIxIiB4bWxucz0iaHR0cDovL3d3dy53My5vcmcvMjAwMC9zdmciPjwvc3ZnPg==\" style=\"--smush-placeholder-width: 1024px; --smush-placeholder-aspect-ratio: 1024\/768;\" \/><\/figure>\n\n\n\n<figure class=\"wp-block-image size-large\"><img decoding=\"async\" width=\"768\" height=\"1024\" data-id=\"2982\" data-src=\"https:\/\/fermelarochette.ch\/wp-content\/uploads\/2025\/12\/IMG_20250911_095359-768x1024.jpg\" alt=\"\" class=\"wp-image-2982 lazyload\" data-srcset=\"https:\/\/fermelarochette.ch\/wp-content\/uploads\/2025\/12\/IMG_20250911_095359-768x1024.jpg 768w, https:\/\/fermelarochette.ch\/wp-content\/uploads\/2025\/12\/IMG_20250911_095359-scaled-600x800.jpg 600w, https:\/\/fermelarochette.ch\/wp-content\/uploads\/2025\/12\/IMG_20250911_095359-225x300.jpg 225w, https:\/\/fermelarochette.ch\/wp-content\/uploads\/2025\/12\/IMG_20250911_095359-1152x1536.jpg 1152w, https:\/\/fermelarochette.ch\/wp-content\/uploads\/2025\/12\/IMG_20250911_095359-1536x2048.jpg 1536w, https:\/\/fermelarochette.ch\/wp-content\/uploads\/2025\/12\/IMG_20250911_095359-scaled.jpg 1920w\" data-sizes=\"(max-width: 768px) 100vw, 768px\" src=\"data:image\/svg+xml;base64,PHN2ZyB3aWR0aD0iMSIgaGVpZ2h0PSIxIiB4bWxucz0iaHR0cDovL3d3dy53My5vcmcvMjAwMC9zdmciPjwvc3ZnPg==\" style=\"--smush-placeholder-width: 768px; --smush-placeholder-aspect-ratio: 768\/1024;\" \/><\/figure>\n\n\n\n<figure class=\"wp-block-image size-large\"><img decoding=\"async\" width=\"1024\" height=\"576\" data-id=\"2399\" data-src=\"https:\/\/fermelarochette.ch\/wp-content\/uploads\/2024\/12\/DSC06908-1024x576.jpg\" alt=\"\" class=\"wp-image-2399 lazyload\" data-srcset=\"https:\/\/fermelarochette.ch\/wp-content\/uploads\/2024\/12\/DSC06908-1024x576.jpg 1024w, https:\/\/fermelarochette.ch\/wp-content\/uploads\/2024\/12\/DSC06908-600x338.jpg 600w, https:\/\/fermelarochette.ch\/wp-content\/uploads\/2024\/12\/DSC06908-300x169.jpg 300w, https:\/\/fermelarochette.ch\/wp-content\/uploads\/2024\/12\/DSC06908-768x432.jpg 768w, https:\/\/fermelarochette.ch\/wp-content\/uploads\/2024\/12\/DSC06908-1536x864.jpg 1536w, https:\/\/fermelarochette.ch\/wp-content\/uploads\/2024\/12\/DSC06908-496x279.jpg 496w, https:\/\/fermelarochette.ch\/wp-content\/uploads\/2024\/12\/DSC06908.jpg 1920w\" data-sizes=\"(max-width: 1024px) 100vw, 1024px\" src=\"data:image\/svg+xml;base64,PHN2ZyB3aWR0aD0iMSIgaGVpZ2h0PSIxIiB4bWxucz0iaHR0cDovL3d3dy53My5vcmcvMjAwMC9zdmciPjwvc3ZnPg==\" style=\"--smush-placeholder-width: 1024px; --smush-placeholder-aspect-ratio: 1024\/576;\" \/><\/figure>\n<\/figure>\n","protected":false},"excerpt":{"rendered":"<p>Apprenez \u00e0 r\u00e9colter les pr\u00e9cieuses semences de l\u00e9gumes et de fleurs ! \u00c0 la port\u00e9e de toutes et tous, r\u00e9colter les semences de l\u00e9gumes et &hellip;<\/p>\n","protected":false},"author":1,"featured_media":2194,"parent":44,"menu_order":0,"comment_status":"closed","ping_status":"closed","template":"","meta":{"_price":"","_stock":"","_tribe_ticket_header":"","_tribe_default_ticket_provider":"","_ticket_start_date":"","_ticket_end_date":"","_tribe_ticket_show_description":"","_tribe_ticket_show_not_going":false,"_tribe_ticket_use_global_stock":"","_tribe_ticket_global_stock_level":"","_global_stock_mode":"","_global_stock_cap":"","_tribe_rsvp_for_event":"","_tribe_ticket_going_count":"","_tribe_ticket_not_going_count":"","_tribe_tickets_list":"[]","_tribe_ticket_has_attendee_info_fields":false,"footnotes":"","_tec_slr_enabled":"","_tec_slr_layout":""},"class_list":["post-2193","page","type-page","status-publish","has-post-thumbnail","hentry"],"yoast_head":"<!-- This site is optimized with the Yoast SEO plugin v26.9 - https:\/\/yoast.com\/product\/yoast-seo-wordpress\/ -->\n<title>R\u00e9coltez les semences du jardin - La Rochette<\/title>\n<meta name=\"robots\" content=\"index, follow, max-snippet:-1, max-image-preview:large, max-video-preview:-1\" \/>\n<link rel=\"canonical\" href=\"https:\/\/fermelarochette.ch\/index.php\/formations-et-ateliers-programme\/multiplication-des-semences\/\" \/>\n<meta property=\"og:locale\" content=\"fr_FR\" \/>\n<meta property=\"og:type\" content=\"article\" \/>\n<meta property=\"og:title\" content=\"R\u00e9coltez les semences du jardin - La Rochette\" \/>\n<meta property=\"og:description\" content=\"Apprenez \u00e0 r\u00e9colter les pr\u00e9cieuses semences de l\u00e9gumes et de fleurs ! \u00c0 la port\u00e9e de toutes et tous, r\u00e9colter les semences de l\u00e9gumes et &hellip;\" \/>\n<meta property=\"og:url\" content=\"https:\/\/fermelarochette.ch\/index.php\/formations-et-ateliers-programme\/multiplication-des-semences\/\" \/>\n<meta property=\"og:site_name\" content=\"La Rochette\" \/>\n<meta property=\"article:modified_time\" content=\"2025-12-02T10:37:39+00:00\" \/>\n<meta property=\"og:image\" content=\"https:\/\/fermelarochette.ch\/wp-content\/uploads\/2024\/10\/DSC06832.jpg\" \/>\n\t<meta property=\"og:image:width\" content=\"1920\" \/>\n\t<meta property=\"og:image:height\" content=\"1080\" \/>\n\t<meta property=\"og:image:type\" content=\"image\/jpeg\" \/>\n<meta name=\"twitter:card\" content=\"summary_large_image\" \/>\n<meta name=\"twitter:label1\" content=\"Dur\u00e9e de lecture estim\u00e9e\" \/>\n\t<meta name=\"twitter:data1\" content=\"1 minute\" \/>\n<script type=\"application\/ld+json\" class=\"yoast-schema-graph\">{\"@context\":\"https:\/\/schema.org\",\"@graph\":[{\"@type\":\"WebPage\",\"@id\":\"https:\/\/fermelarochette.ch\/index.php\/formations-et-ateliers-programme\/multiplication-des-semences\/\",\"url\":\"https:\/\/fermelarochette.ch\/index.php\/formations-et-ateliers-programme\/multiplication-des-semences\/\",\"name\":\"R\u00e9coltez les semences du jardin - La Rochette\",\"isPartOf\":{\"@id\":\"https:\/\/fermelarochette.ch\/#website\"},\"primaryImageOfPage\":{\"@id\":\"https:\/\/fermelarochette.ch\/index.php\/formations-et-ateliers-programme\/multiplication-des-semences\/#primaryimage\"},\"image\":{\"@id\":\"https:\/\/fermelarochette.ch\/index.php\/formations-et-ateliers-programme\/multiplication-des-semences\/#primaryimage\"},\"thumbnailUrl\":\"https:\/\/fermelarochette.ch\/wp-content\/uploads\/2024\/10\/DSC06832.jpg\",\"datePublished\":\"2024-10-09T00:52:42+00:00\",\"dateModified\":\"2025-12-02T10:37:39+00:00\",\"breadcrumb\":{\"@id\":\"https:\/\/fermelarochette.ch\/index.php\/formations-et-ateliers-programme\/multiplication-des-semences\/#breadcrumb\"},\"inLanguage\":\"fr-FR\",\"potentialAction\":[{\"@type\":\"ReadAction\",\"target\":[\"https:\/\/fermelarochette.ch\/index.php\/formations-et-ateliers-programme\/multiplication-des-semences\/\"]}]},{\"@type\":\"ImageObject\",\"inLanguage\":\"fr-FR\",\"@id\":\"https:\/\/fermelarochette.ch\/index.php\/formations-et-ateliers-programme\/multiplication-des-semences\/#primaryimage\",\"url\":\"https:\/\/fermelarochette.ch\/wp-content\/uploads\/2024\/10\/DSC06832.jpg\",\"contentUrl\":\"https:\/\/fermelarochette.ch\/wp-content\/uploads\/2024\/10\/DSC06832.jpg\",\"width\":1920,\"height\":1080},{\"@type\":\"BreadcrumbList\",\"@id\":\"https:\/\/fermelarochette.ch\/index.php\/formations-et-ateliers-programme\/multiplication-des-semences\/#breadcrumb\",\"itemListElement\":[{\"@type\":\"ListItem\",\"position\":1,\"name\":\"Accueil\",\"item\":\"https:\/\/fermelarochette.ch\/\"},{\"@type\":\"ListItem\",\"position\":2,\"name\":\"Formations\",\"item\":\"https:\/\/fermelarochette.ch\/index.php\/formations-et-ateliers-programme\/\"},{\"@type\":\"ListItem\",\"position\":3,\"name\":\"R\u00e9coltez les semences du jardin\"}]},{\"@type\":\"WebSite\",\"@id\":\"https:\/\/fermelarochette.ch\/#website\",\"url\":\"https:\/\/fermelarochette.ch\/\",\"name\":\"La Rochette\",\"description\":\"Micro-ferme biologique\",\"potentialAction\":[{\"@type\":\"SearchAction\",\"target\":{\"@type\":\"EntryPoint\",\"urlTemplate\":\"https:\/\/fermelarochette.ch\/?s={search_term_string}\"},\"query-input\":{\"@type\":\"PropertyValueSpecification\",\"valueRequired\":true,\"valueName\":\"search_term_string\"}}],\"inLanguage\":\"fr-FR\"}]}<\/script>\n<!-- \/ Yoast SEO plugin. -->","yoast_head_json":{"title":"R\u00e9coltez les semences du jardin - La Rochette","robots":{"index":"index","follow":"follow","max-snippet":"max-snippet:-1","max-image-preview":"max-image-preview:large","max-video-preview":"max-video-preview:-1"},"canonical":"https:\/\/fermelarochette.ch\/index.php\/formations-et-ateliers-programme\/multiplication-des-semences\/","og_locale":"fr_FR","og_type":"article","og_title":"R\u00e9coltez les semences du jardin - La Rochette","og_description":"Apprenez \u00e0 r\u00e9colter les pr\u00e9cieuses semences de l\u00e9gumes et de fleurs ! \u00c0 la port\u00e9e de toutes et tous, r\u00e9colter les semences de l\u00e9gumes et &hellip;","og_url":"https:\/\/fermelarochette.ch\/index.php\/formations-et-ateliers-programme\/multiplication-des-semences\/","og_site_name":"La Rochette","article_modified_time":"2025-12-02T10:37:39+00:00","og_image":[{"width":1920,"height":1080,"url":"https:\/\/fermelarochette.ch\/wp-content\/uploads\/2024\/10\/DSC06832.jpg","type":"image\/jpeg"}],"twitter_card":"summary_large_image","twitter_misc":{"Dur\u00e9e de lecture estim\u00e9e":"1 minute"},"schema":{"@context":"https:\/\/schema.org","@graph":[{"@type":"WebPage","@id":"https:\/\/fermelarochette.ch\/index.php\/formations-et-ateliers-programme\/multiplication-des-semences\/","url":"https:\/\/fermelarochette.ch\/index.php\/formations-et-ateliers-programme\/multiplication-des-semences\/","name":"R\u00e9coltez les semences du jardin - La Rochette","isPartOf":{"@id":"https:\/\/fermelarochette.ch\/#website"},"primaryImageOfPage":{"@id":"https:\/\/fermelarochette.ch\/index.php\/formations-et-ateliers-programme\/multiplication-des-semences\/#primaryimage"},"image":{"@id":"https:\/\/fermelarochette.ch\/index.php\/formations-et-ateliers-programme\/multiplication-des-semences\/#primaryimage"},"thumbnailUrl":"https:\/\/fermelarochette.ch\/wp-content\/uploads\/2024\/10\/DSC06832.jpg","datePublished":"2024-10-09T00:52:42+00:00","dateModified":"2025-12-02T10:37:39+00:00","breadcrumb":{"@id":"https:\/\/fermelarochette.ch\/index.php\/formations-et-ateliers-programme\/multiplication-des-semences\/#breadcrumb"},"inLanguage":"fr-FR","potentialAction":[{"@type":"ReadAction","target":["https:\/\/fermelarochette.ch\/index.php\/formations-et-ateliers-programme\/multiplication-des-semences\/"]}]},{"@type":"ImageObject","inLanguage":"fr-FR","@id":"https:\/\/fermelarochette.ch\/index.php\/formations-et-ateliers-programme\/multiplication-des-semences\/#primaryimage","url":"https:\/\/fermelarochette.ch\/wp-content\/uploads\/2024\/10\/DSC06832.jpg","contentUrl":"https:\/\/fermelarochette.ch\/wp-content\/uploads\/2024\/10\/DSC06832.jpg","width":1920,"height":1080},{"@type":"BreadcrumbList","@id":"https:\/\/fermelarochette.ch\/index.php\/formations-et-ateliers-programme\/multiplication-des-semences\/#breadcrumb","itemListElement":[{"@type":"ListItem","position":1,"name":"Accueil","item":"https:\/\/fermelarochette.ch\/"},{"@type":"ListItem","position":2,"name":"Formations","item":"https:\/\/fermelarochette.ch\/index.php\/formations-et-ateliers-programme\/"},{"@type":"ListItem","position":3,"name":"R\u00e9coltez les semences du jardin"}]},{"@type":"WebSite","@id":"https:\/\/fermelarochette.ch\/#website","url":"https:\/\/fermelarochette.ch\/","name":"La Rochette","description":"Micro-ferme biologique","potentialAction":[{"@type":"SearchAction","target":{"@type":"EntryPoint","urlTemplate":"https:\/\/fermelarochette.ch\/?s={search_term_string}"},"query-input":{"@type":"PropertyValueSpecification","valueRequired":true,"valueName":"search_term_string"}}],"inLanguage":"fr-FR"}]}},"jetpack_sharing_enabled":true,"ticketed":false,"_links":{"self":[{"href":"https:\/\/fermelarochette.ch\/index.php\/wp-json\/wp\/v2\/pages\/2193","targetHints":{"allow":["GET"]}}],"collection":[{"href":"https:\/\/fermelarochette.ch\/index.php\/wp-json\/wp\/v2\/pages"}],"about":[{"href":"https:\/\/fermelarochette.ch\/index.php\/wp-json\/wp\/v2\/types\/page"}],"author":[{"embeddable":true,"href":"https:\/\/fermelarochette.ch\/index.php\/wp-json\/wp\/v2\/users\/1"}],"replies":[{"embeddable":true,"href":"https:\/\/fermelarochette.ch\/index.php\/wp-json\/wp\/v2\/comments?post=2193"}],"version-history":[{"count":10,"href":"https:\/\/fermelarochette.ch\/index.php\/wp-json\/wp\/v2\/pages\/2193\/revisions"}],"predecessor-version":[{"id":2987,"href":"https:\/\/fermelarochette.ch\/index.php\/wp-json\/wp\/v2\/pages\/2193\/revisions\/2987"}],"up":[{"embeddable":true,"href":"https:\/\/fermelarochette.ch\/index.php\/wp-json\/wp\/v2\/pages\/44"}],"wp:featuredmedia":[{"embeddable":true,"href":"https:\/\/fermelarochette.ch\/index.php\/wp-json\/wp\/v2\/media\/2194"}],"wp:attachment":[{"href":"https:\/\/fermelarochette.ch\/index.php\/wp-json\/wp\/v2\/media?parent=2193"}],"curies":[{"name":"wp","href":"https:\/\/api.w.org\/{rel}","templated":true}]}}