{"id":2023,"date":"2024-04-23T22:45:31","date_gmt":"2024-04-23T21:45:31","guid":{"rendered":"https:\/\/fermelarochette.ch\/?page_id=2023"},"modified":"2024-04-23T22:48:27","modified_gmt":"2024-04-23T21:48:27","slug":"lacto-fermentez-tous-vos-legumes-le-vent-se-leve","status":"publish","type":"page","link":"https:\/\/fermelarochette.ch\/index.php\/formations-et-ateliers-programme\/lacto-fermentez-tous-vos-legumes-le-vent-se-leve\/","title":{"rendered":"Lacto-fermentez tous vos l\u00e9gumes !"},"content":{"rendered":"\n<h1 class=\"wp-block-heading has-large-font-size\" id=\"pour-conserver-ses-aliments-tout-en-faisant-du-bien-a-son-corps\">Pour conserver vos l\u00e9gumes tout en faisant du bien \u00e0 votre corps\u2026<\/h1>\n\n\n\n<p>Venez apprendre \u00e0 lacto-fermenter tous vos l\u00e9gumes pour concocter vous-m\u00eames ces d\u00e9licieux cocktails de pro-biotiques b\u00e9n\u00e9fiques pour votre syst\u00e8me digestif et votre sant\u00e9. Id\u00e9al pour conserver les l\u00e9gumes tout en d\u00e9couvrant de nouvelles saveurs ! Pendant l\u2019atelier, vous confectionnerez vos bocaux de l\u00e9gumes \u00e0 laisser fermenter chez vous.<\/p>\n\n\n\n<p>Exceptionnellement, l&rsquo;atelier sera donn\u00e9 en collaboration avec <a href=\"https:\/\/librairie-cafe-le-vent-se-leve.ch\/\" target=\"_blank\" rel=\"noreferrer noopener\"><mark style=\"background-color:rgba(0, 0, 0, 0)\" class=\"has-inline-color has-accent-1-color\">Le Vent se l\u00e8ve, librairie-caf\u00e9 et autres joyeuset\u00e9s<\/mark><\/a> \u00e0 Saint-Ursanne. Apr\u00e8s la partie th\u00e9orique de l&rsquo;atelier, nous prendrons une pause pour d\u00e9guster une <strong>minestrone maison<\/strong> et continuerons ensuite avec la partie pratique.<\/p>\n\n\n\n<p><strong>Lors de votre venue, merci de prendre le mat\u00e9riel suivant :<\/strong> un grand saladier, une planche \u00e0 d\u00e9couper, un couteau de cuisine, un \u00e9plucheur et un tablier de cuisine.<\/p>\n\n\n\n<p><strong><mark style=\"background-color:rgba(0, 0, 0, 0)\" class=\"has-inline-color has-accent-1-color\">Date, lieu et horaire :<\/mark><\/strong> <br>* <strong>Date \u00e0 venir \u00e0 l&rsquo;automne 2024<\/strong>, de 19h00 \u00e0 21h30, \u00e0 la librairie-caf\u00e9 <a href=\"https:\/\/librairie-cafe-le-vent-se-leve.ch\/\" target=\"_blank\" rel=\"noreferrer noopener\">Le Vent se l\u00e8ve<\/a><mark style=\"background-color:rgba(0, 0, 0, 0)\" class=\"has-inline-color has-headings-color\"><\/mark>, Saint-Ursanne (JU).<\/p>\n\n\n\n<p><mark style=\"background-color:rgba(0, 0, 0, 0)\" class=\"has-inline-color has-accent-1-color\"><strong>Prix :<\/strong> <\/mark>78.- \/ personne, comprenant : l&rsquo;atelier et le mat\u00e9riel ainsi qu&rsquo;une <strong>soupe-repas<\/strong> (minestrone, v\u00e9g\u00e9tarienne). Boissons en sus.<\/p>\n\n\n\n<p><strong><mark style=\"background-color:rgba(0, 0, 0, 0)\" class=\"has-inline-color has-accent-1-color\">Paiement : <\/mark><\/strong>sur place<\/p>\n\n\n\n<p><strong><mark style=\"background-color:rgba(0, 0, 0, 0)\" class=\"has-inline-color has-accent-1-color\">Inscriptions :<\/mark><\/strong> \u00e0 la librairie-caf\u00e9 <a href=\"https:\/\/librairie-cafe-le-vent-se-leve.ch\/\">Le Vent se l\u00e8ve<\/a> ou aupr\u00e8s de Claudine Miserez \u00e0 l&rsquo;adresse <a href=\"mailto:claudine@fermelarochette.ch\">claudine@fermelarochette.ch<\/a>.<\/p>\n","protected":false},"excerpt":{"rendered":"<p>Pour conserver vos l\u00e9gumes tout en faisant du bien \u00e0 votre corps\u2026 Venez apprendre \u00e0 lacto-fermenter tous vos l\u00e9gumes pour concocter vous-m\u00eames ces d\u00e9licieux cocktails &hellip;<\/p>\n","protected":false},"author":1,"featured_media":370,"parent":44,"menu_order":0,"comment_status":"open","ping_status":"closed","template":"","meta":{"_price":"","_stock":"","_tribe_ticket_header":"","_tribe_default_ticket_provider":"","_ticket_start_date":"","_ticket_end_date":"","_tribe_ticket_show_description":"","_tribe_ticket_show_not_going":false,"_tribe_ticket_use_global_stock":"","_tribe_ticket_global_stock_level":"","_global_stock_mode":"","_global_stock_cap":"","_tribe_rsvp_for_event":"","_tribe_ticket_going_count":"","_tribe_ticket_not_going_count":"","_tribe_tickets_list":"[]","_tribe_ticket_has_attendee_info_fields":false,"footnotes":"","_tec_slr_enabled":"","_tec_slr_layout":""},"class_list":["post-2023","page","type-page","status-publish","has-post-thumbnail","hentry"],"yoast_head":"<!-- This site is optimized with the Yoast SEO plugin v26.9 - https:\/\/yoast.com\/product\/yoast-seo-wordpress\/ -->\n<title>Lacto-fermentez tous vos l\u00e9gumes ! - La Rochette<\/title>\n<meta name=\"robots\" content=\"index, follow, max-snippet:-1, max-image-preview:large, max-video-preview:-1\" \/>\n<link rel=\"canonical\" href=\"https:\/\/fermelarochette.ch\/index.php\/formations-et-ateliers-programme\/lacto-fermentez-tous-vos-legumes-le-vent-se-leve\/\" \/>\n<meta property=\"og:locale\" content=\"fr_FR\" \/>\n<meta property=\"og:type\" content=\"article\" \/>\n<meta property=\"og:title\" content=\"Lacto-fermentez tous vos l\u00e9gumes ! - La Rochette\" \/>\n<meta property=\"og:description\" content=\"Pour conserver vos l\u00e9gumes tout en faisant du bien \u00e0 votre corps\u2026 Venez apprendre \u00e0 lacto-fermenter tous vos l\u00e9gumes pour concocter vous-m\u00eames ces d\u00e9licieux cocktails &hellip;\" \/>\n<meta property=\"og:url\" content=\"https:\/\/fermelarochette.ch\/index.php\/formations-et-ateliers-programme\/lacto-fermentez-tous-vos-legumes-le-vent-se-leve\/\" \/>\n<meta property=\"og:site_name\" content=\"La Rochette\" \/>\n<meta property=\"article:modified_time\" content=\"2024-04-23T21:48:27+00:00\" \/>\n<meta property=\"og:image\" content=\"https:\/\/fermelarochette.ch\/wp-content\/uploads\/2022\/02\/DSC05794-2-scaled.jpg\" \/>\n\t<meta property=\"og:image:width\" content=\"2560\" \/>\n\t<meta property=\"og:image:height\" content=\"1581\" \/>\n\t<meta property=\"og:image:type\" content=\"image\/jpeg\" \/>\n<meta name=\"twitter:card\" content=\"summary_large_image\" \/>\n<meta name=\"twitter:label1\" content=\"Dur\u00e9e de lecture estim\u00e9e\" \/>\n\t<meta name=\"twitter:data1\" content=\"1 minute\" \/>\n<script type=\"application\/ld+json\" class=\"yoast-schema-graph\">{\"@context\":\"https:\/\/schema.org\",\"@graph\":[{\"@type\":\"WebPage\",\"@id\":\"https:\/\/fermelarochette.ch\/index.php\/formations-et-ateliers-programme\/lacto-fermentez-tous-vos-legumes-le-vent-se-leve\/\",\"url\":\"https:\/\/fermelarochette.ch\/index.php\/formations-et-ateliers-programme\/lacto-fermentez-tous-vos-legumes-le-vent-se-leve\/\",\"name\":\"Lacto-fermentez tous vos l\u00e9gumes ! - La Rochette\",\"isPartOf\":{\"@id\":\"https:\/\/fermelarochette.ch\/#website\"},\"primaryImageOfPage\":{\"@id\":\"https:\/\/fermelarochette.ch\/index.php\/formations-et-ateliers-programme\/lacto-fermentez-tous-vos-legumes-le-vent-se-leve\/#primaryimage\"},\"image\":{\"@id\":\"https:\/\/fermelarochette.ch\/index.php\/formations-et-ateliers-programme\/lacto-fermentez-tous-vos-legumes-le-vent-se-leve\/#primaryimage\"},\"thumbnailUrl\":\"https:\/\/fermelarochette.ch\/wp-content\/uploads\/2022\/02\/DSC05794-2-scaled.jpg\",\"datePublished\":\"2024-04-23T21:45:31+00:00\",\"dateModified\":\"2024-04-23T21:48:27+00:00\",\"breadcrumb\":{\"@id\":\"https:\/\/fermelarochette.ch\/index.php\/formations-et-ateliers-programme\/lacto-fermentez-tous-vos-legumes-le-vent-se-leve\/#breadcrumb\"},\"inLanguage\":\"fr-FR\",\"potentialAction\":[{\"@type\":\"ReadAction\",\"target\":[\"https:\/\/fermelarochette.ch\/index.php\/formations-et-ateliers-programme\/lacto-fermentez-tous-vos-legumes-le-vent-se-leve\/\"]}]},{\"@type\":\"ImageObject\",\"inLanguage\":\"fr-FR\",\"@id\":\"https:\/\/fermelarochette.ch\/index.php\/formations-et-ateliers-programme\/lacto-fermentez-tous-vos-legumes-le-vent-se-leve\/#primaryimage\",\"url\":\"https:\/\/fermelarochette.ch\/wp-content\/uploads\/2022\/02\/DSC05794-2-scaled.jpg\",\"contentUrl\":\"https:\/\/fermelarochette.ch\/wp-content\/uploads\/2022\/02\/DSC05794-2-scaled.jpg\",\"width\":2560,\"height\":1581,\"caption\":\"Production artisanale de bocaux de l\u00e9gumes lactoferment\u00e9s.\"},{\"@type\":\"BreadcrumbList\",\"@id\":\"https:\/\/fermelarochette.ch\/index.php\/formations-et-ateliers-programme\/lacto-fermentez-tous-vos-legumes-le-vent-se-leve\/#breadcrumb\",\"itemListElement\":[{\"@type\":\"ListItem\",\"position\":1,\"name\":\"Accueil\",\"item\":\"https:\/\/fermelarochette.ch\/\"},{\"@type\":\"ListItem\",\"position\":2,\"name\":\"Formations\",\"item\":\"https:\/\/fermelarochette.ch\/index.php\/formations-et-ateliers-programme\/\"},{\"@type\":\"ListItem\",\"position\":3,\"name\":\"Lacto-fermentez tous vos l\u00e9gumes !\"}]},{\"@type\":\"WebSite\",\"@id\":\"https:\/\/fermelarochette.ch\/#website\",\"url\":\"https:\/\/fermelarochette.ch\/\",\"name\":\"La Rochette\",\"description\":\"Micro-ferme biologique\",\"potentialAction\":[{\"@type\":\"SearchAction\",\"target\":{\"@type\":\"EntryPoint\",\"urlTemplate\":\"https:\/\/fermelarochette.ch\/?s={search_term_string}\"},\"query-input\":{\"@type\":\"PropertyValueSpecification\",\"valueRequired\":true,\"valueName\":\"search_term_string\"}}],\"inLanguage\":\"fr-FR\"}]}<\/script>\n<!-- \/ Yoast SEO plugin. -->","yoast_head_json":{"title":"Lacto-fermentez tous vos l\u00e9gumes ! - La Rochette","robots":{"index":"index","follow":"follow","max-snippet":"max-snippet:-1","max-image-preview":"max-image-preview:large","max-video-preview":"max-video-preview:-1"},"canonical":"https:\/\/fermelarochette.ch\/index.php\/formations-et-ateliers-programme\/lacto-fermentez-tous-vos-legumes-le-vent-se-leve\/","og_locale":"fr_FR","og_type":"article","og_title":"Lacto-fermentez tous vos l\u00e9gumes ! - La Rochette","og_description":"Pour conserver vos l\u00e9gumes tout en faisant du bien \u00e0 votre corps\u2026 Venez apprendre \u00e0 lacto-fermenter tous vos l\u00e9gumes pour concocter vous-m\u00eames ces d\u00e9licieux cocktails &hellip;","og_url":"https:\/\/fermelarochette.ch\/index.php\/formations-et-ateliers-programme\/lacto-fermentez-tous-vos-legumes-le-vent-se-leve\/","og_site_name":"La Rochette","article_modified_time":"2024-04-23T21:48:27+00:00","og_image":[{"width":2560,"height":1581,"url":"https:\/\/fermelarochette.ch\/wp-content\/uploads\/2022\/02\/DSC05794-2-scaled.jpg","type":"image\/jpeg"}],"twitter_card":"summary_large_image","twitter_misc":{"Dur\u00e9e de lecture estim\u00e9e":"1 minute"},"schema":{"@context":"https:\/\/schema.org","@graph":[{"@type":"WebPage","@id":"https:\/\/fermelarochette.ch\/index.php\/formations-et-ateliers-programme\/lacto-fermentez-tous-vos-legumes-le-vent-se-leve\/","url":"https:\/\/fermelarochette.ch\/index.php\/formations-et-ateliers-programme\/lacto-fermentez-tous-vos-legumes-le-vent-se-leve\/","name":"Lacto-fermentez tous vos l\u00e9gumes ! - La Rochette","isPartOf":{"@id":"https:\/\/fermelarochette.ch\/#website"},"primaryImageOfPage":{"@id":"https:\/\/fermelarochette.ch\/index.php\/formations-et-ateliers-programme\/lacto-fermentez-tous-vos-legumes-le-vent-se-leve\/#primaryimage"},"image":{"@id":"https:\/\/fermelarochette.ch\/index.php\/formations-et-ateliers-programme\/lacto-fermentez-tous-vos-legumes-le-vent-se-leve\/#primaryimage"},"thumbnailUrl":"https:\/\/fermelarochette.ch\/wp-content\/uploads\/2022\/02\/DSC05794-2-scaled.jpg","datePublished":"2024-04-23T21:45:31+00:00","dateModified":"2024-04-23T21:48:27+00:00","breadcrumb":{"@id":"https:\/\/fermelarochette.ch\/index.php\/formations-et-ateliers-programme\/lacto-fermentez-tous-vos-legumes-le-vent-se-leve\/#breadcrumb"},"inLanguage":"fr-FR","potentialAction":[{"@type":"ReadAction","target":["https:\/\/fermelarochette.ch\/index.php\/formations-et-ateliers-programme\/lacto-fermentez-tous-vos-legumes-le-vent-se-leve\/"]}]},{"@type":"ImageObject","inLanguage":"fr-FR","@id":"https:\/\/fermelarochette.ch\/index.php\/formations-et-ateliers-programme\/lacto-fermentez-tous-vos-legumes-le-vent-se-leve\/#primaryimage","url":"https:\/\/fermelarochette.ch\/wp-content\/uploads\/2022\/02\/DSC05794-2-scaled.jpg","contentUrl":"https:\/\/fermelarochette.ch\/wp-content\/uploads\/2022\/02\/DSC05794-2-scaled.jpg","width":2560,"height":1581,"caption":"Production artisanale de bocaux de l\u00e9gumes lactoferment\u00e9s."},{"@type":"BreadcrumbList","@id":"https:\/\/fermelarochette.ch\/index.php\/formations-et-ateliers-programme\/lacto-fermentez-tous-vos-legumes-le-vent-se-leve\/#breadcrumb","itemListElement":[{"@type":"ListItem","position":1,"name":"Accueil","item":"https:\/\/fermelarochette.ch\/"},{"@type":"ListItem","position":2,"name":"Formations","item":"https:\/\/fermelarochette.ch\/index.php\/formations-et-ateliers-programme\/"},{"@type":"ListItem","position":3,"name":"Lacto-fermentez tous vos l\u00e9gumes !"}]},{"@type":"WebSite","@id":"https:\/\/fermelarochette.ch\/#website","url":"https:\/\/fermelarochette.ch\/","name":"La Rochette","description":"Micro-ferme biologique","potentialAction":[{"@type":"SearchAction","target":{"@type":"EntryPoint","urlTemplate":"https:\/\/fermelarochette.ch\/?s={search_term_string}"},"query-input":{"@type":"PropertyValueSpecification","valueRequired":true,"valueName":"search_term_string"}}],"inLanguage":"fr-FR"}]}},"jetpack_sharing_enabled":true,"ticketed":false,"_links":{"self":[{"href":"https:\/\/fermelarochette.ch\/index.php\/wp-json\/wp\/v2\/pages\/2023","targetHints":{"allow":["GET"]}}],"collection":[{"href":"https:\/\/fermelarochette.ch\/index.php\/wp-json\/wp\/v2\/pages"}],"about":[{"href":"https:\/\/fermelarochette.ch\/index.php\/wp-json\/wp\/v2\/types\/page"}],"author":[{"embeddable":true,"href":"https:\/\/fermelarochette.ch\/index.php\/wp-json\/wp\/v2\/users\/1"}],"replies":[{"embeddable":true,"href":"https:\/\/fermelarochette.ch\/index.php\/wp-json\/wp\/v2\/comments?post=2023"}],"version-history":[{"count":2,"href":"https:\/\/fermelarochette.ch\/index.php\/wp-json\/wp\/v2\/pages\/2023\/revisions"}],"predecessor-version":[{"id":2025,"href":"https:\/\/fermelarochette.ch\/index.php\/wp-json\/wp\/v2\/pages\/2023\/revisions\/2025"}],"up":[{"embeddable":true,"href":"https:\/\/fermelarochette.ch\/index.php\/wp-json\/wp\/v2\/pages\/44"}],"wp:featuredmedia":[{"embeddable":true,"href":"https:\/\/fermelarochette.ch\/index.php\/wp-json\/wp\/v2\/media\/370"}],"wp:attachment":[{"href":"https:\/\/fermelarochette.ch\/index.php\/wp-json\/wp\/v2\/media?parent=2023"}],"curies":[{"name":"wp","href":"https:\/\/api.w.org\/{rel}","templated":true}]}}