{"id":19,"date":"2022-01-26T21:34:50","date_gmt":"2022-01-26T21:34:50","guid":{"rendered":"https:\/\/fermelarochette.ch\/wordpress\/?page_id=19"},"modified":"2022-03-14T18:31:55","modified_gmt":"2022-03-14T17:31:55","slug":"accueil-bienvenue-la-rochette","status":"publish","type":"page","link":"https:\/\/fermelarochette.ch\/","title":{"rendered":"Accueil"},"content":{"rendered":"","protected":false},"excerpt":{"rendered":"","protected":false},"author":1,"featured_media":0,"parent":0,"menu_order":0,"comment_status":"closed","ping_status":"closed","template":"","meta":{"_price":"","_stock":"","_tribe_ticket_header":"","_tribe_default_ticket_provider":"","_ticket_start_date":"","_ticket_end_date":"","_tribe_ticket_show_description":"","_tribe_ticket_show_not_going":false,"_tribe_ticket_use_global_stock":"","_tribe_ticket_global_stock_level":"","_global_stock_mode":"","_global_stock_cap":"","_tribe_rsvp_for_event":"","_tribe_ticket_going_count":"","_tribe_ticket_not_going_count":"","_tribe_tickets_list":"[]","_tribe_ticket_has_attendee_info_fields":false,"footnotes":"","_tec_slr_enabled":"","_tec_slr_layout":""},"class_list":["post-19","page","type-page","status-publish","hentry"],"yoast_head":"<!-- This site is optimized with the Yoast SEO plugin v26.9 - https:\/\/yoast.com\/product\/yoast-seo-wordpress\/ -->\n<title>Bienvenue \u00e0 La Rochette - La Rochette<\/title>\n<meta name=\"description\" content=\"Bienvenue \u00e0 La Rochette, micro-ferme en permaculture au c\u0153ur du Jura suisse. Lieu de cultures mara\u00eech\u00e8res et de formations.\" \/>\n<meta name=\"robots\" content=\"index, follow, max-snippet:-1, max-image-preview:large, max-video-preview:-1\" \/>\n<link rel=\"canonical\" href=\"https:\/\/fermelarochette.ch\/\" \/>\n<meta property=\"og:locale\" content=\"fr_FR\" \/>\n<meta property=\"og:type\" content=\"article\" \/>\n<meta property=\"og:title\" content=\"Bienvenue \u00e0 La Rochette - La Rochette\" \/>\n<meta property=\"og:description\" content=\"Bienvenue \u00e0 La Rochette, micro-ferme en permaculture au c\u0153ur du Jura suisse. Lieu de cultures mara\u00eech\u00e8res et de formations.\" \/>\n<meta property=\"og:url\" content=\"https:\/\/fermelarochette.ch\/\" \/>\n<meta property=\"og:site_name\" content=\"La Rochette\" \/>\n<meta property=\"article:modified_time\" content=\"2022-03-14T17:31:55+00:00\" \/>\n<meta name=\"twitter:card\" content=\"summary_large_image\" \/>\n<script type=\"application\/ld+json\" class=\"yoast-schema-graph\">{\"@context\":\"https:\/\/schema.org\",\"@graph\":[{\"@type\":\"WebPage\",\"@id\":\"https:\/\/fermelarochette.ch\/\",\"url\":\"https:\/\/fermelarochette.ch\/\",\"name\":\"Bienvenue \u00e0 La Rochette - La Rochette\",\"isPartOf\":{\"@id\":\"https:\/\/fermelarochette.ch\/#website\"},\"datePublished\":\"2022-01-26T21:34:50+00:00\",\"dateModified\":\"2022-03-14T17:31:55+00:00\",\"description\":\"Bienvenue \u00e0 La Rochette, micro-ferme en permaculture au c\u0153ur du Jura suisse. Lieu de cultures mara\u00eech\u00e8res et de formations.\",\"breadcrumb\":{\"@id\":\"https:\/\/fermelarochette.ch\/#breadcrumb\"},\"inLanguage\":\"fr-FR\",\"potentialAction\":[{\"@type\":\"ReadAction\",\"target\":[\"https:\/\/fermelarochette.ch\/\"]}]},{\"@type\":\"BreadcrumbList\",\"@id\":\"https:\/\/fermelarochette.ch\/#breadcrumb\",\"itemListElement\":[{\"@type\":\"ListItem\",\"position\":1,\"name\":\"Accueil\",\"item\":\"https:\/\/fermelarochette.ch\/\"},{\"@type\":\"ListItem\",\"position\":2,\"name\":\"Accueil\"}]},{\"@type\":\"WebSite\",\"@id\":\"https:\/\/fermelarochette.ch\/#website\",\"url\":\"https:\/\/fermelarochette.ch\/\",\"name\":\"La Rochette\",\"description\":\"Micro-ferme biologique\",\"potentialAction\":[{\"@type\":\"SearchAction\",\"target\":{\"@type\":\"EntryPoint\",\"urlTemplate\":\"https:\/\/fermelarochette.ch\/?s={search_term_string}\"},\"query-input\":{\"@type\":\"PropertyValueSpecification\",\"valueRequired\":true,\"valueName\":\"search_term_string\"}}],\"inLanguage\":\"fr-FR\"}]}<\/script>\n<!-- \/ Yoast SEO plugin. -->","yoast_head_json":{"title":"Bienvenue \u00e0 La Rochette - La Rochette","description":"Bienvenue \u00e0 La Rochette, micro-ferme en permaculture au c\u0153ur du Jura suisse. Lieu de cultures mara\u00eech\u00e8res et de formations.","robots":{"index":"index","follow":"follow","max-snippet":"max-snippet:-1","max-image-preview":"max-image-preview:large","max-video-preview":"max-video-preview:-1"},"canonical":"https:\/\/fermelarochette.ch\/","og_locale":"fr_FR","og_type":"article","og_title":"Bienvenue \u00e0 La Rochette - La Rochette","og_description":"Bienvenue \u00e0 La Rochette, micro-ferme en permaculture au c\u0153ur du Jura suisse. Lieu de cultures mara\u00eech\u00e8res et de formations.","og_url":"https:\/\/fermelarochette.ch\/","og_site_name":"La Rochette","article_modified_time":"2022-03-14T17:31:55+00:00","twitter_card":"summary_large_image","schema":{"@context":"https:\/\/schema.org","@graph":[{"@type":"WebPage","@id":"https:\/\/fermelarochette.ch\/","url":"https:\/\/fermelarochette.ch\/","name":"Bienvenue \u00e0 La Rochette - La Rochette","isPartOf":{"@id":"https:\/\/fermelarochette.ch\/#website"},"datePublished":"2022-01-26T21:34:50+00:00","dateModified":"2022-03-14T17:31:55+00:00","description":"Bienvenue \u00e0 La Rochette, micro-ferme en permaculture au c\u0153ur du Jura suisse. Lieu de cultures mara\u00eech\u00e8res et de formations.","breadcrumb":{"@id":"https:\/\/fermelarochette.ch\/#breadcrumb"},"inLanguage":"fr-FR","potentialAction":[{"@type":"ReadAction","target":["https:\/\/fermelarochette.ch\/"]}]},{"@type":"BreadcrumbList","@id":"https:\/\/fermelarochette.ch\/#breadcrumb","itemListElement":[{"@type":"ListItem","position":1,"name":"Accueil","item":"https:\/\/fermelarochette.ch\/"},{"@type":"ListItem","position":2,"name":"Accueil"}]},{"@type":"WebSite","@id":"https:\/\/fermelarochette.ch\/#website","url":"https:\/\/fermelarochette.ch\/","name":"La Rochette","description":"Micro-ferme biologique","potentialAction":[{"@type":"SearchAction","target":{"@type":"EntryPoint","urlTemplate":"https:\/\/fermelarochette.ch\/?s={search_term_string}"},"query-input":{"@type":"PropertyValueSpecification","valueRequired":true,"valueName":"search_term_string"}}],"inLanguage":"fr-FR"}]}},"jetpack_sharing_enabled":true,"ticketed":false,"_links":{"self":[{"href":"https:\/\/fermelarochette.ch\/index.php\/wp-json\/wp\/v2\/pages\/19","targetHints":{"allow":["GET"]}}],"collection":[{"href":"https:\/\/fermelarochette.ch\/index.php\/wp-json\/wp\/v2\/pages"}],"about":[{"href":"https:\/\/fermelarochette.ch\/index.php\/wp-json\/wp\/v2\/types\/page"}],"author":[{"embeddable":true,"href":"https:\/\/fermelarochette.ch\/index.php\/wp-json\/wp\/v2\/users\/1"}],"replies":[{"embeddable":true,"href":"https:\/\/fermelarochette.ch\/index.php\/wp-json\/wp\/v2\/comments?post=19"}],"version-history":[{"count":1,"href":"https:\/\/fermelarochette.ch\/index.php\/wp-json\/wp\/v2\/pages\/19\/revisions"}],"predecessor-version":[{"id":22,"href":"https:\/\/fermelarochette.ch\/index.php\/wp-json\/wp\/v2\/pages\/19\/revisions\/22"}],"wp:attachment":[{"href":"https:\/\/fermelarochette.ch\/index.php\/wp-json\/wp\/v2\/media?parent=19"}],"curies":[{"name":"wp","href":"https:\/\/api.w.org\/{rel}","templated":true}]}}