{"id":1759,"date":"2023-12-15T14:27:31","date_gmt":"2023-12-15T13:27:31","guid":{"rendered":"https:\/\/fermelarochette.ch\/?page_id=1759"},"modified":"2026-02-16T15:07:34","modified_gmt":"2026-02-16T14:07:34","slug":"journee-des-plantons","status":"publish","type":"page","link":"https:\/\/fermelarochette.ch\/index.php\/evenements-animations-portes-ouvertes-marches\/journee-des-plantons\/","title":{"rendered":"March\u00e9 de printemps de La Baroche"},"content":{"rendered":"\n<p>Rendez-vous les 3 et 4 mai 2025 au centre du village de Charmoille (JU) pour ce second March\u00e9 de printemps ! <\/p>\n\n\n\n<p><strong>Lieu : 2947 Charmoille (JU) <\/strong>\u00e0 la halle de gymnastique, sur le place de l&rsquo;\u00e9cole et \u00e0 l&rsquo;ancien restaurant La Double-Aigle.<\/p>\n\n\n\n<p><strong>Dates et horaires : <br>* Samedi 3 mai : de 15h \u00e0 21h<br>* Dimanche 4 mai : de 10h \u00e0 17h<\/strong><br><\/p>\n\n\n\n<div style=\"height:26px\" aria-hidden=\"true\" class=\"wp-block-spacer\"><\/div>\n\n\n\n<div class=\"wp-block-media-text is-stacked-on-mobile\" style=\"grid-template-columns:22% auto\"><figure class=\"wp-block-media-text__media\"><img decoding=\"async\" data-src=\"https:\/\/fermelarochette.ch\/wp-content\/uploads\/2023\/11\/Sirops-995x1024.jpeg\" alt=\"\" class=\"wp-image-1657 size-full lazyload\" src=\"data:image\/svg+xml;base64,PHN2ZyB3aWR0aD0iMSIgaGVpZ2h0PSIxIiB4bWxucz0iaHR0cDovL3d3dy53My5vcmcvMjAwMC9zdmciPjwvc3ZnPg==\" style=\"--smush-placeholder-width: 995px; --smush-placeholder-aspect-ratio: 995\/1024;\" \/><\/figure><div class=\"wp-block-media-text__content\">\n<h3 class=\"wp-block-heading\"><mark style=\"background-color:rgba(0, 0, 0, 0)\" class=\"has-inline-color has-accent-1-color\">March\u00e9 artisanal et du terroir<\/mark><\/h3>\n\n\n\n<p>Sur la place de l&rsquo;\u00e9cole, retrouvez les artisans r\u00e9gionaux !<br>Le stand de La Rochette se trouvera juste \u00e0 c\u00f4t\u00e9, \u00e0 l&rsquo;ext\u00e9rieur de l&rsquo;ancien restaurant La Double-aigle.<\/p>\n<\/div><\/div>\n\n\n\n<div style=\"height:26px\" aria-hidden=\"true\" class=\"wp-block-spacer\"><\/div>\n\n\n\n<div class=\"wp-block-media-text is-stacked-on-mobile\" style=\"grid-template-columns:22% auto\"><figure class=\"wp-block-media-text__media\"><img decoding=\"async\" width=\"1024\" height=\"721\" data-src=\"https:\/\/fermelarochette.ch\/wp-content\/uploads\/2023\/12\/Echange-de-plantons-1-rotated-e1702647569277-1024x721.jpg\" alt=\"\" class=\"wp-image-1767 size-full lazyload\" data-srcset=\"https:\/\/fermelarochette.ch\/wp-content\/uploads\/2023\/12\/Echange-de-plantons-1-rotated-e1702647569277-1024x721.jpg 1024w, https:\/\/fermelarochette.ch\/wp-content\/uploads\/2023\/12\/Echange-de-plantons-1-rotated-e1702647569277-600x423.jpg 600w, https:\/\/fermelarochette.ch\/wp-content\/uploads\/2023\/12\/Echange-de-plantons-1-rotated-e1702647569277-300x211.jpg 300w, https:\/\/fermelarochette.ch\/wp-content\/uploads\/2023\/12\/Echange-de-plantons-1-rotated-e1702647569277-768x541.jpg 768w, https:\/\/fermelarochette.ch\/wp-content\/uploads\/2023\/12\/Echange-de-plantons-1-rotated-e1702647569277-426x300.jpg 426w, https:\/\/fermelarochette.ch\/wp-content\/uploads\/2023\/12\/Echange-de-plantons-1-rotated-e1702647569277.jpg 1200w\" data-sizes=\"(max-width: 1024px) 100vw, 1024px\" src=\"data:image\/svg+xml;base64,PHN2ZyB3aWR0aD0iMSIgaGVpZ2h0PSIxIiB4bWxucz0iaHR0cDovL3d3dy53My5vcmcvMjAwMC9zdmciPjwvc3ZnPg==\" style=\"--smush-placeholder-width: 1024px; --smush-placeholder-aspect-ratio: 1024\/721;\" \/><\/figure><div class=\"wp-block-media-text__content\">\n<h3 class=\"wp-block-heading\"><mark style=\"background-color:rgba(0, 0, 0, 0)\" class=\"has-inline-color has-accent-1-color\">Vente de plantons par La Rochette<\/mark><\/h3>\n\n\n\n<p><strong><mark style=\"background-color:rgba(0, 0, 0, 0)\" class=\"has-inline-color has-headings-color\">O\u00f9 : Devant l&rsquo;ancien restaurant de La Double-Aigle<\/mark><\/strong><\/p>\n\n\n\n<p>La Rochette tiendra un grand stand de vente de plants et plantons produits au jardin, juste \u00e0 c\u00f4t\u00e9.<\/p>\n<\/div><\/div>\n\n\n\n<div class=\"wp-block-media-text is-stacked-on-mobile\" style=\"grid-template-columns:22% auto\"><figure class=\"wp-block-media-text__media\"><img decoding=\"async\" width=\"1024\" height=\"1024\" data-src=\"https:\/\/fermelarochette.ch\/wp-content\/uploads\/2024\/05\/Ragini_1-1024x1024.jpg\" alt=\"\" class=\"wp-image-2060 size-full lazyload\" data-srcset=\"https:\/\/fermelarochette.ch\/wp-content\/uploads\/2024\/05\/Ragini_1-1024x1024.jpg 1024w, https:\/\/fermelarochette.ch\/wp-content\/uploads\/2024\/05\/Ragini_1-800x800.jpg 800w, https:\/\/fermelarochette.ch\/wp-content\/uploads\/2024\/05\/Ragini_1-100x100.jpg 100w, https:\/\/fermelarochette.ch\/wp-content\/uploads\/2024\/05\/Ragini_1-600x600.jpg 600w, https:\/\/fermelarochette.ch\/wp-content\/uploads\/2024\/05\/Ragini_1-300x300.jpg 300w, https:\/\/fermelarochette.ch\/wp-content\/uploads\/2024\/05\/Ragini_1-150x150.jpg 150w, https:\/\/fermelarochette.ch\/wp-content\/uploads\/2024\/05\/Ragini_1-768x768.jpg 768w, https:\/\/fermelarochette.ch\/wp-content\/uploads\/2024\/05\/Ragini_1.jpg 1528w\" data-sizes=\"(max-width: 1024px) 100vw, 1024px\" src=\"data:image\/svg+xml;base64,PHN2ZyB3aWR0aD0iMSIgaGVpZ2h0PSIxIiB4bWxucz0iaHR0cDovL3d3dy53My5vcmcvMjAwMC9zdmciPjwvc3ZnPg==\" style=\"--smush-placeholder-width: 1024px; --smush-placeholder-aspect-ratio: 1024\/1024;\" \/><\/figure><div class=\"wp-block-media-text__content\">\n<h3 class=\"wp-block-heading\"><mark style=\"background-color:rgba(0, 0, 0, 0)\" class=\"has-inline-color has-accent-1-color\">Repas indien<\/mark><\/h3>\n\n\n\n<p><strong><mark style=\"background-color:rgba(0, 0, 0, 0)\" class=\"has-inline-color has-headings-color\">O\u00f9 : Ancien restaurant de La Double-Aigle<br>Quand : Samedi soir 4 mai, dimanche midi 5 mai<\/mark><\/strong><\/p>\n\n\n\n<p>L&rsquo;Association La Double-Aigle vous propose un <strong>d\u00e9licieux repas indien <\/strong>concoct\u00e9 par Ragini Droxler et ses ami-es. Le repas sera d\u00e9gust\u00e9 dans l&rsquo;ancienne salle de restaurant. R\u00e9gal, d\u00e9couverte et retour dans le temps garantis ! <\/p>\n\n\n\n<p><strong><mark style=\"background-color:rgba(0, 0, 0, 0)\" class=\"has-inline-color has-headings-color\">Merci de r\u00e9server <\/mark><\/strong>aupr\u00e8s de Ragini au 077\/455.81.98.<\/p>\n\n\n\n<p><mark style=\"background-color:rgba(0, 0, 0, 0)\" class=\"has-inline-color has-headings-color\"><strong>Prix :<\/strong> <\/mark>25.-\/personne, boissons non comprises.<\/p>\n<\/div><\/div>\n\n\n\n<div style=\"height:17px\" aria-hidden=\"true\" class=\"wp-block-spacer\"><\/div>\n\n\n\n<div class=\"wp-block-media-text is-stacked-on-mobile\" style=\"grid-template-columns:22% auto\"><figure class=\"wp-block-media-text__media\"><img decoding=\"async\" width=\"1024\" height=\"695\" data-src=\"https:\/\/fermelarochette.ch\/wp-content\/uploads\/2023\/12\/Cuisine-mauricienne-1024x695.jpg\" alt=\"\" class=\"wp-image-1771 size-full lazyload\" data-srcset=\"https:\/\/fermelarochette.ch\/wp-content\/uploads\/2023\/12\/Cuisine-mauricienne-1024x695.jpg 1024w, https:\/\/fermelarochette.ch\/wp-content\/uploads\/2023\/12\/Cuisine-mauricienne-600x407.jpg 600w, https:\/\/fermelarochette.ch\/wp-content\/uploads\/2023\/12\/Cuisine-mauricienne-300x204.jpg 300w, https:\/\/fermelarochette.ch\/wp-content\/uploads\/2023\/12\/Cuisine-mauricienne-768x521.jpg 768w, https:\/\/fermelarochette.ch\/wp-content\/uploads\/2023\/12\/Cuisine-mauricienne-442x300.jpg 442w, https:\/\/fermelarochette.ch\/wp-content\/uploads\/2023\/12\/Cuisine-mauricienne.jpg 1325w\" data-sizes=\"(max-width: 1024px) 100vw, 1024px\" src=\"data:image\/svg+xml;base64,PHN2ZyB3aWR0aD0iMSIgaGVpZ2h0PSIxIiB4bWxucz0iaHR0cDovL3d3dy53My5vcmcvMjAwMC9zdmciPjwvc3ZnPg==\" style=\"--smush-placeholder-width: 1024px; --smush-placeholder-aspect-ratio: 1024\/695;\" \/><\/figure><div class=\"wp-block-media-text__content\">\n<h3 class=\"wp-block-heading\"><mark style=\"background-color:rgba(0, 0, 0, 0)\" class=\"has-inline-color has-accent-1-color\">Petite restauration<\/mark><\/h3>\n\n\n\n<p><strong><mark style=\"background-color:rgba(0, 0, 0, 0)\" class=\"has-inline-color has-headings-color\">O\u00f9 : Halle de gymnastique et ancien restaurant de La Double-Aigle<br>Quand : tout au long du weekend<\/mark><\/strong><\/p>\n\n\n\n<p>Le Groupe des jeunes proposera grillades et p\u00e2tisseries, alors que l&rsquo;Association La Double-Aigle servira de mets suisses.<\/p>\n<\/div><\/div>\n","protected":false},"excerpt":{"rendered":"<p>Rendez-vous les 3 et 4 mai 2025 au centre du village de Charmoille (JU) pour ce second March\u00e9 de printemps ! Lieu : 2947 Charmoille &hellip;<\/p>\n","protected":false},"author":1,"featured_media":1739,"parent":49,"menu_order":0,"comment_status":"closed","ping_status":"closed","template":"","meta":{"_price":"","_stock":"","_tribe_ticket_header":"","_tribe_default_ticket_provider":"","_ticket_start_date":"","_ticket_end_date":"","_tribe_ticket_show_description":"","_tribe_ticket_show_not_going":false,"_tribe_ticket_use_global_stock":"","_tribe_ticket_global_stock_level":"","_global_stock_mode":"","_global_stock_cap":"","_tribe_rsvp_for_event":"","_tribe_ticket_going_count":"","_tribe_ticket_not_going_count":"","_tribe_tickets_list":"[]","_tribe_ticket_has_attendee_info_fields":false,"footnotes":"","_tec_slr_enabled":"","_tec_slr_layout":""},"class_list":["post-1759","page","type-page","status-publish","has-post-thumbnail","hentry"],"yoast_head":"<!-- This site is optimized with the Yoast SEO plugin v26.9 - https:\/\/yoast.com\/product\/yoast-seo-wordpress\/ -->\n<title>March\u00e9 de printemps de La Baroche - La Rochette<\/title>\n<meta name=\"robots\" content=\"index, follow, max-snippet:-1, max-image-preview:large, max-video-preview:-1\" \/>\n<link rel=\"canonical\" href=\"https:\/\/fermelarochette.ch\/index.php\/evenements-animations-portes-ouvertes-marches\/journee-des-plantons\/\" \/>\n<meta property=\"og:locale\" content=\"fr_FR\" \/>\n<meta property=\"og:type\" content=\"article\" \/>\n<meta property=\"og:title\" content=\"March\u00e9 de printemps de La Baroche - La Rochette\" \/>\n<meta property=\"og:description\" content=\"Rendez-vous les 3 et 4 mai 2025 au centre du village de Charmoille (JU) pour ce second March\u00e9 de printemps ! Lieu : 2947 Charmoille &hellip;\" \/>\n<meta property=\"og:url\" content=\"https:\/\/fermelarochette.ch\/index.php\/evenements-animations-portes-ouvertes-marches\/journee-des-plantons\/\" \/>\n<meta property=\"og:site_name\" content=\"La Rochette\" \/>\n<meta property=\"article:modified_time\" content=\"2026-02-16T14:07:34+00:00\" \/>\n<meta property=\"og:image\" content=\"https:\/\/fermelarochette.ch\/wp-content\/uploads\/2023\/12\/Echange-de-plantons.jpg\" \/>\n\t<meta property=\"og:image:width\" content=\"1200\" \/>\n\t<meta property=\"og:image:height\" content=\"845\" \/>\n\t<meta property=\"og:image:type\" content=\"image\/jpeg\" \/>\n<meta name=\"twitter:card\" content=\"summary_large_image\" \/>\n<meta name=\"twitter:label1\" content=\"Dur\u00e9e de lecture estim\u00e9e\" \/>\n\t<meta name=\"twitter:data1\" content=\"1 minute\" \/>\n<script type=\"application\/ld+json\" class=\"yoast-schema-graph\">{\"@context\":\"https:\/\/schema.org\",\"@graph\":[{\"@type\":\"WebPage\",\"@id\":\"https:\/\/fermelarochette.ch\/index.php\/evenements-animations-portes-ouvertes-marches\/journee-des-plantons\/\",\"url\":\"https:\/\/fermelarochette.ch\/index.php\/evenements-animations-portes-ouvertes-marches\/journee-des-plantons\/\",\"name\":\"March\u00e9 de printemps de La Baroche - La Rochette\",\"isPartOf\":{\"@id\":\"https:\/\/fermelarochette.ch\/#website\"},\"primaryImageOfPage\":{\"@id\":\"https:\/\/fermelarochette.ch\/index.php\/evenements-animations-portes-ouvertes-marches\/journee-des-plantons\/#primaryimage\"},\"image\":{\"@id\":\"https:\/\/fermelarochette.ch\/index.php\/evenements-animations-portes-ouvertes-marches\/journee-des-plantons\/#primaryimage\"},\"thumbnailUrl\":\"https:\/\/fermelarochette.ch\/wp-content\/uploads\/2023\/12\/Echange-de-plantons.jpg\",\"datePublished\":\"2023-12-15T13:27:31+00:00\",\"dateModified\":\"2026-02-16T14:07:34+00:00\",\"breadcrumb\":{\"@id\":\"https:\/\/fermelarochette.ch\/index.php\/evenements-animations-portes-ouvertes-marches\/journee-des-plantons\/#breadcrumb\"},\"inLanguage\":\"fr-FR\",\"potentialAction\":[{\"@type\":\"ReadAction\",\"target\":[\"https:\/\/fermelarochette.ch\/index.php\/evenements-animations-portes-ouvertes-marches\/journee-des-plantons\/\"]}]},{\"@type\":\"ImageObject\",\"inLanguage\":\"fr-FR\",\"@id\":\"https:\/\/fermelarochette.ch\/index.php\/evenements-animations-portes-ouvertes-marches\/journee-des-plantons\/#primaryimage\",\"url\":\"https:\/\/fermelarochette.ch\/wp-content\/uploads\/2023\/12\/Echange-de-plantons.jpg\",\"contentUrl\":\"https:\/\/fermelarochette.ch\/wp-content\/uploads\/2023\/12\/Echange-de-plantons.jpg\",\"width\":1200,\"height\":845},{\"@type\":\"BreadcrumbList\",\"@id\":\"https:\/\/fermelarochette.ch\/index.php\/evenements-animations-portes-ouvertes-marches\/journee-des-plantons\/#breadcrumb\",\"itemListElement\":[{\"@type\":\"ListItem\",\"position\":1,\"name\":\"Accueil\",\"item\":\"https:\/\/fermelarochette.ch\/\"},{\"@type\":\"ListItem\",\"position\":2,\"name\":\"\u00c9v\u00e9nements\",\"item\":\"https:\/\/fermelarochette.ch\/index.php\/evenements-animations-portes-ouvertes-marches\/\"},{\"@type\":\"ListItem\",\"position\":3,\"name\":\"March\u00e9 de printemps de La Baroche\"}]},{\"@type\":\"WebSite\",\"@id\":\"https:\/\/fermelarochette.ch\/#website\",\"url\":\"https:\/\/fermelarochette.ch\/\",\"name\":\"La Rochette\",\"description\":\"Micro-ferme biologique\",\"potentialAction\":[{\"@type\":\"SearchAction\",\"target\":{\"@type\":\"EntryPoint\",\"urlTemplate\":\"https:\/\/fermelarochette.ch\/?s={search_term_string}\"},\"query-input\":{\"@type\":\"PropertyValueSpecification\",\"valueRequired\":true,\"valueName\":\"search_term_string\"}}],\"inLanguage\":\"fr-FR\"}]}<\/script>\n<!-- \/ Yoast SEO plugin. -->","yoast_head_json":{"title":"March\u00e9 de printemps de La Baroche - La Rochette","robots":{"index":"index","follow":"follow","max-snippet":"max-snippet:-1","max-image-preview":"max-image-preview:large","max-video-preview":"max-video-preview:-1"},"canonical":"https:\/\/fermelarochette.ch\/index.php\/evenements-animations-portes-ouvertes-marches\/journee-des-plantons\/","og_locale":"fr_FR","og_type":"article","og_title":"March\u00e9 de printemps de La Baroche - La Rochette","og_description":"Rendez-vous les 3 et 4 mai 2025 au centre du village de Charmoille (JU) pour ce second March\u00e9 de printemps ! Lieu : 2947 Charmoille &hellip;","og_url":"https:\/\/fermelarochette.ch\/index.php\/evenements-animations-portes-ouvertes-marches\/journee-des-plantons\/","og_site_name":"La Rochette","article_modified_time":"2026-02-16T14:07:34+00:00","og_image":[{"width":1200,"height":845,"url":"https:\/\/fermelarochette.ch\/wp-content\/uploads\/2023\/12\/Echange-de-plantons.jpg","type":"image\/jpeg"}],"twitter_card":"summary_large_image","twitter_misc":{"Dur\u00e9e de lecture estim\u00e9e":"1 minute"},"schema":{"@context":"https:\/\/schema.org","@graph":[{"@type":"WebPage","@id":"https:\/\/fermelarochette.ch\/index.php\/evenements-animations-portes-ouvertes-marches\/journee-des-plantons\/","url":"https:\/\/fermelarochette.ch\/index.php\/evenements-animations-portes-ouvertes-marches\/journee-des-plantons\/","name":"March\u00e9 de printemps de La Baroche - La Rochette","isPartOf":{"@id":"https:\/\/fermelarochette.ch\/#website"},"primaryImageOfPage":{"@id":"https:\/\/fermelarochette.ch\/index.php\/evenements-animations-portes-ouvertes-marches\/journee-des-plantons\/#primaryimage"},"image":{"@id":"https:\/\/fermelarochette.ch\/index.php\/evenements-animations-portes-ouvertes-marches\/journee-des-plantons\/#primaryimage"},"thumbnailUrl":"https:\/\/fermelarochette.ch\/wp-content\/uploads\/2023\/12\/Echange-de-plantons.jpg","datePublished":"2023-12-15T13:27:31+00:00","dateModified":"2026-02-16T14:07:34+00:00","breadcrumb":{"@id":"https:\/\/fermelarochette.ch\/index.php\/evenements-animations-portes-ouvertes-marches\/journee-des-plantons\/#breadcrumb"},"inLanguage":"fr-FR","potentialAction":[{"@type":"ReadAction","target":["https:\/\/fermelarochette.ch\/index.php\/evenements-animations-portes-ouvertes-marches\/journee-des-plantons\/"]}]},{"@type":"ImageObject","inLanguage":"fr-FR","@id":"https:\/\/fermelarochette.ch\/index.php\/evenements-animations-portes-ouvertes-marches\/journee-des-plantons\/#primaryimage","url":"https:\/\/fermelarochette.ch\/wp-content\/uploads\/2023\/12\/Echange-de-plantons.jpg","contentUrl":"https:\/\/fermelarochette.ch\/wp-content\/uploads\/2023\/12\/Echange-de-plantons.jpg","width":1200,"height":845},{"@type":"BreadcrumbList","@id":"https:\/\/fermelarochette.ch\/index.php\/evenements-animations-portes-ouvertes-marches\/journee-des-plantons\/#breadcrumb","itemListElement":[{"@type":"ListItem","position":1,"name":"Accueil","item":"https:\/\/fermelarochette.ch\/"},{"@type":"ListItem","position":2,"name":"\u00c9v\u00e9nements","item":"https:\/\/fermelarochette.ch\/index.php\/evenements-animations-portes-ouvertes-marches\/"},{"@type":"ListItem","position":3,"name":"March\u00e9 de printemps de La Baroche"}]},{"@type":"WebSite","@id":"https:\/\/fermelarochette.ch\/#website","url":"https:\/\/fermelarochette.ch\/","name":"La Rochette","description":"Micro-ferme biologique","potentialAction":[{"@type":"SearchAction","target":{"@type":"EntryPoint","urlTemplate":"https:\/\/fermelarochette.ch\/?s={search_term_string}"},"query-input":{"@type":"PropertyValueSpecification","valueRequired":true,"valueName":"search_term_string"}}],"inLanguage":"fr-FR"}]}},"jetpack_sharing_enabled":true,"ticketed":false,"_links":{"self":[{"href":"https:\/\/fermelarochette.ch\/index.php\/wp-json\/wp\/v2\/pages\/1759","targetHints":{"allow":["GET"]}}],"collection":[{"href":"https:\/\/fermelarochette.ch\/index.php\/wp-json\/wp\/v2\/pages"}],"about":[{"href":"https:\/\/fermelarochette.ch\/index.php\/wp-json\/wp\/v2\/types\/page"}],"author":[{"embeddable":true,"href":"https:\/\/fermelarochette.ch\/index.php\/wp-json\/wp\/v2\/users\/1"}],"replies":[{"embeddable":true,"href":"https:\/\/fermelarochette.ch\/index.php\/wp-json\/wp\/v2\/comments?post=1759"}],"version-history":[{"count":27,"href":"https:\/\/fermelarochette.ch\/index.php\/wp-json\/wp\/v2\/pages\/1759\/revisions"}],"predecessor-version":[{"id":3539,"href":"https:\/\/fermelarochette.ch\/index.php\/wp-json\/wp\/v2\/pages\/1759\/revisions\/3539"}],"up":[{"embeddable":true,"href":"https:\/\/fermelarochette.ch\/index.php\/wp-json\/wp\/v2\/pages\/49"}],"wp:featuredmedia":[{"embeddable":true,"href":"https:\/\/fermelarochette.ch\/index.php\/wp-json\/wp\/v2\/media\/1739"}],"wp:attachment":[{"href":"https:\/\/fermelarochette.ch\/index.php\/wp-json\/wp\/v2\/media?parent=1759"}],"curies":[{"name":"wp","href":"https:\/\/api.w.org\/{rel}","templated":true}]}}